{"id":10670,"date":"2018-07-16T10:41:35","date_gmt":"2018-07-16T10:41:35","guid":{"rendered":"https:\/\/www.apen.es\/?page_id=10670"},"modified":"2025-07-08T11:41:38","modified_gmt":"2025-07-08T11:41:38","slug":"programa-per-a-botigues","status":"publish","type":"page","link":"https:\/\/www.apen.es\/ca\/programari-programa-tpv\/programa-per-a-botigues\/","title":{"rendered":"Programa per a botigues"},"content":{"rendered":"<p>TPV t\u00e0ctil, \u00e9s un nou <a href=\"https:\/\/www.apen.es\/ca\/programari-programa-tpv\/\"><strong>programa per a botigues<\/strong><\/a>, que es convertir\u00e0 a la m\u00e0 dreta de totes aquelles persones que hagin de portar la gesti\u00f3 d&#039;una caixa i la al taulell d&#039;una forma r\u00e0pida i efectiva, per tal d&#039;agilitzar aquest moment i per tant aconseguir un control m\u00e9s gran, un augment de la productivitat, un gran estalvi de costos i una millor gesti\u00f3 de l&#039;establiment.<\/p>\n\n\n\n<p>Aquest <strong>programa per a botigues,<\/strong> es pot utilitzar en qualsevol tipus de negoci, ja sigui hostaleria o un comer\u00e7, ja que s&#039;adapta a les necessitats de cada negoci, encara que hi ha dues versions principals del <strong>programa per a botigues<\/strong>, un el TPV per a hostaleria, i l&#039;altre, el TPV per a comer\u00e7.<\/p>\n\n\n\n<p>Per exemple, en el cas de la gesti\u00f3 del TPV t\u00e0ctil per a restaurants, permet portar un control perfecte de totes les taules, dels men\u00fas, del rol de cadascun dels empleats, d&#039;un sistema que classifica els plats que s&#039;envien a la cuina i fins i tot un control de les propines. En canvi al <strong>programa per a botigues<\/strong> de roba o altres sectors, es podran automatitzar totes les tarifes, els vals de devoluci\u00f3, els pagaments fraccionats, els arqueigs de caixa, les bestretes i la resta de moviments realitzats a la caixa.<\/p>\n\n\n\n<p>Una altra de les grans funcions d&#039;aquest <strong>programa per a botigues<\/strong>, \u00e9s que funciona genial a l&#039;hora de realitzar els cobraments, ja que ajuda a fer una facturaci\u00f3 m\u00e9s r\u00e0pida, a calcular tots els costos, controlar els pagaments i les vendes amb monedes estrangeres, emetre comandes de forma autom\u00e0tica, controlar la facturaci\u00f3 i controlar les compres d&#039;una manera senzilla i sobretot molt \u00e0gil.<\/p>\n\n\n\n<p>No nom\u00e9s aix\u00f2, sin\u00f3 que a m\u00e9s tamb\u00e9 podreu gestionar tot el magatzem, des d&#039;aquest mateix <strong>programa per a botigues<\/strong>, i aix\u00ed tenir sempre controlat l&#039;estoc, realitzar inventaris, establir un marge de venda sobre el preu de cost i d&#039;aquesta manera ho tindreu tot controlat i ser\u00e0 molt m\u00e9s complicat que hi hagi algun imprevist.<\/p>\n\n\n\n<p>Per tant, si el que est\u00e0veu buscant \u00e9s millorar tots els processos de gesti\u00f3 del vostre negoci d&#039;una forma rendible i eficient, amb el principal objectiu de millorar el servei que oferiu als vostres clients, d&#039;agilitzar la venda al mostrats, el cobrament en caixa i d&#039;aquesta manera fidelitzar a tots els vostres clients, aquest <a href=\"https:\/\/www.apen.es\/ca\/programari-programa-tpv\/\"><strong>programa per<\/strong> <strong>botigues<\/strong><\/a> \u00e9s perfecte per a vosaltres.<\/p>\n\n\n\n<p>A m\u00e9s, tamb\u00e9 hem de destacar que aquest <strong>programa per a botigues<\/strong>, tant el dirigit a comer\u00e7, com el que est\u00e0 dirigit a restaurants, s\u00f3n molt f\u00e0cils d&#039;utilitzar i molt intu\u00eftius, per la qual cosa us permetr\u00e0 que de forma autom\u00e0tica, pugueu preveure les compres que heu de fer i organitzar tota la feina que cal fer en un dia a partir d&#039;un sol clic.<\/p>","protected":false},"excerpt":{"rendered":"<p>TPV t\u00e1ctil, es un nuevo programa para tiendas, que se va a convertir en la mano derecha de todas aquellas personas que tengan que llevar la gesti\u00f3n de una caja y la en el mostrador de una forma r\u00e1pida y efectiva, con tal de agilizar este momento y por lo tanto conseguir un mayor control,&#8230;<\/p>","protected":false},"author":4,"featured_media":0,"parent":10551,"menu_order":0,"comment_status":"closed","ping_status":"closed","template":"page-landing-moduls.php","meta":{"_acf_changed":false,"_kad_blocks_custom_css":"","_kad_blocks_head_custom_js":"","_kad_blocks_body_custom_js":"","_kad_blocks_footer_custom_js":"","_kad_post_transparent":"","_kad_post_title":"","_kad_post_layout":"","_kad_post_sidebar_id":"","_kad_post_content_style":"","_kad_post_vertical_padding":"","_kad_post_feature":"","_kad_post_feature_position":"","_kad_post_header":false,"_kad_post_footer":false,"_kad_post_classname":"","footnotes":""},"class_list":["post-10670","page","type-page","status-publish","hentry"],"acf":[],"yoast_head":"<!-- This site is optimized with the Yoast SEO plugin v27.4 - https:\/\/yoast.com\/product\/yoast-seo-wordpress\/ -->\n<title>Programa para tiendas - Apen Inform\u00e1tica<\/title>\n<meta name=\"description\" content=\"Obt\u00e9n un software para tiendas TPV para puntos de venta. Nos ofrece una mejor gesti\u00f3n de la caja, terminal punto de venta y un control total del stock\" \/>\n<meta name=\"robots\" content=\"index, follow, max-snippet:-1, max-image-preview:large, max-video-preview:-1\" \/>\n<link rel=\"canonical\" href=\"https:\/\/www.apen.es\/ca\/programari-programa-tpv\/programa-per-a-botigues\/\" \/>\n<meta property=\"og:locale\" content=\"ca_ES\" \/>\n<meta property=\"og:type\" content=\"article\" \/>\n<meta property=\"og:title\" content=\"Programa para tiendas - Apen Inform\u00e1tica\" \/>\n<meta property=\"og:description\" content=\"Obt\u00e9n un software para tiendas TPV para puntos de venta. Nos ofrece una mejor gesti\u00f3n de la caja, terminal punto de venta y un control total del stock\" \/>\n<meta property=\"og:url\" content=\"https:\/\/www.apen.es\/ca\/programari-programa-tpv\/programa-per-a-botigues\/\" \/>\n<meta property=\"og:site_name\" content=\"Apen Inform\u00e1tica\" \/>\n<meta property=\"article:publisher\" content=\"https:\/\/www.facebook.com\/apensolucions\" \/>\n<meta property=\"article:modified_time\" content=\"2025-07-08T11:41:38+00:00\" \/>\n<meta property=\"og:image\" content=\"https:\/\/www.apen.es\/wp-content\/uploads\/2016\/05\/logo-apen-231x82-trasparent.png\" \/>\n\t<meta property=\"og:image:width\" content=\"231\" \/>\n\t<meta property=\"og:image:height\" content=\"82\" \/>\n\t<meta property=\"og:image:type\" content=\"image\/png\" \/>\n<meta name=\"twitter:card\" content=\"summary_large_image\" \/>\n<meta name=\"twitter:label1\" content=\"Temps estimat de lectura\" \/>\n\t<meta name=\"twitter:data1\" content=\"5 minuts\" \/>\n<script type=\"application\/ld+json\" class=\"yoast-schema-graph\">{\"@context\":\"https:\\\/\\\/schema.org\",\"@graph\":[{\"@type\":\"WebPage\",\"@id\":\"https:\\\/\\\/www.apen.es\\\/software-programa-tpv\\\/programa-para-tiendas\\\/\",\"url\":\"https:\\\/\\\/www.apen.es\\\/software-programa-tpv\\\/programa-para-tiendas\\\/\",\"name\":\"Programa para tiendas - Apen Inform\u00e1tica\",\"isPartOf\":{\"@id\":\"https:\\\/\\\/www.apen.es\\\/#website\"},\"datePublished\":\"2018-07-16T10:41:35+00:00\",\"dateModified\":\"2025-07-08T11:41:38+00:00\",\"description\":\"Obt\u00e9n un software para tiendas TPV para puntos de venta. Nos ofrece una mejor gesti\u00f3n de la caja, terminal punto de venta y un control total del stock\",\"breadcrumb\":{\"@id\":\"https:\\\/\\\/www.apen.es\\\/software-programa-tpv\\\/programa-para-tiendas\\\/#breadcrumb\"},\"inLanguage\":\"ca\",\"potentialAction\":[{\"@type\":\"ReadAction\",\"target\":[\"https:\\\/\\\/www.apen.es\\\/software-programa-tpv\\\/programa-para-tiendas\\\/\"]}]},{\"@type\":\"BreadcrumbList\",\"@id\":\"https:\\\/\\\/www.apen.es\\\/software-programa-tpv\\\/programa-para-tiendas\\\/#breadcrumb\",\"itemListElement\":[{\"@type\":\"ListItem\",\"position\":1,\"name\":\"Portada\",\"item\":\"https:\\\/\\\/www.apen.es\\\/\"},{\"@type\":\"ListItem\",\"position\":2,\"name\":\"TPV-Software Punto de venta\",\"item\":\"https:\\\/\\\/www.apen.es\\\/software-programa-tpv\\\/\"},{\"@type\":\"ListItem\",\"position\":3,\"name\":\"Programa para tiendas\"}]},{\"@type\":\"WebSite\",\"@id\":\"https:\\\/\\\/www.apen.es\\\/#website\",\"url\":\"https:\\\/\\\/www.apen.es\\\/\",\"name\":\"Apen Inform\u00e1tica\",\"description\":\"Mantenimiento Inform\u00e1tico , Software de Gesti\u00f3n, Soluciones de impresi\u00f3n\",\"publisher\":{\"@id\":\"https:\\\/\\\/www.apen.es\\\/#organization\"},\"potentialAction\":[{\"@type\":\"SearchAction\",\"target\":{\"@type\":\"EntryPoint\",\"urlTemplate\":\"https:\\\/\\\/www.apen.es\\\/?s={search_term_string}\"},\"query-input\":{\"@type\":\"PropertyValueSpecification\",\"valueRequired\":true,\"valueName\":\"search_term_string\"}}],\"inLanguage\":\"ca\"},{\"@type\":\"Organization\",\"@id\":\"https:\\\/\\\/www.apen.es\\\/#organization\",\"name\":\"Apen: Soluciones inform\u00e1ticas\",\"url\":\"https:\\\/\\\/www.apen.es\\\/\",\"logo\":{\"@type\":\"ImageObject\",\"inLanguage\":\"ca\",\"@id\":\"https:\\\/\\\/www.apen.es\\\/#\\\/schema\\\/logo\\\/image\\\/\",\"url\":\"https:\\\/\\\/www.apen.es\\\/wp-content\\\/uploads\\\/2022\\\/08\\\/logo-apenok-231x82-1.png\",\"contentUrl\":\"https:\\\/\\\/www.apen.es\\\/wp-content\\\/uploads\\\/2022\\\/08\\\/logo-apenok-231x82-1.png\",\"width\":231,\"height\":82,\"caption\":\"Apen: Soluciones inform\u00e1ticas\"},\"image\":{\"@id\":\"https:\\\/\\\/www.apen.es\\\/#\\\/schema\\\/logo\\\/image\\\/\"},\"sameAs\":[\"https:\\\/\\\/www.facebook.com\\\/apensolucions\",\"https:\\\/\\\/www.youtube.com\\\/user\\\/ApenCentreInformatic\",\"https:\\\/\\\/www.linkedin.com\\\/company\\\/1021771?trk=tyah&trkInfo=clickedVerticalcompanyclickedEntityId1021771idx2-1-2tarId1464195271196tasapenin\"]}]}<\/script>\n<!-- \/ Yoast SEO plugin. -->","yoast_head_json":{"title":"Programa per a botigues - Apen Inform\u00e0tica","description":"Obtingues un programari per a botigues TPV per a punts de venda. Ens ofereix una millor gesti\u00f3 de la caixa, terminal punt de venda i un control total de l&#039;estoc","robots":{"index":"index","follow":"follow","max-snippet":"max-snippet:-1","max-image-preview":"max-image-preview:large","max-video-preview":"max-video-preview:-1"},"canonical":"https:\/\/www.apen.es\/ca\/programari-programa-tpv\/programa-per-a-botigues\/","og_locale":"ca_ES","og_type":"article","og_title":"Programa para tiendas - Apen Inform\u00e1tica","og_description":"Obt\u00e9n un software para tiendas TPV para puntos de venta. Nos ofrece una mejor gesti\u00f3n de la caja, terminal punto de venta y un control total del stock","og_url":"https:\/\/www.apen.es\/ca\/programari-programa-tpv\/programa-per-a-botigues\/","og_site_name":"Apen Inform\u00e1tica","article_publisher":"https:\/\/www.facebook.com\/apensolucions","article_modified_time":"2025-07-08T11:41:38+00:00","og_image":[{"width":231,"height":82,"url":"https:\/\/www.apen.es\/wp-content\/uploads\/2016\/05\/logo-apen-231x82-trasparent.png","type":"image\/png"}],"twitter_card":"summary_large_image","twitter_misc":{"Temps estimat de lectura":"5 minuts"},"schema":{"@context":"https:\/\/schema.org","@graph":[{"@type":"WebPage","@id":"https:\/\/www.apen.es\/software-programa-tpv\/programa-para-tiendas\/","url":"https:\/\/www.apen.es\/software-programa-tpv\/programa-para-tiendas\/","name":"Programa per a botigues - Apen Inform\u00e0tica","isPartOf":{"@id":"https:\/\/www.apen.es\/#website"},"datePublished":"2018-07-16T10:41:35+00:00","dateModified":"2025-07-08T11:41:38+00:00","description":"Obtingues un programari per a botigues TPV per a punts de venda. Ens ofereix una millor gesti\u00f3 de la caixa, terminal punt de venda i un control total de l&#039;estoc","breadcrumb":{"@id":"https:\/\/www.apen.es\/software-programa-tpv\/programa-para-tiendas\/#breadcrumb"},"inLanguage":"ca","potentialAction":[{"@type":"ReadAction","target":["https:\/\/www.apen.es\/software-programa-tpv\/programa-para-tiendas\/"]}]},{"@type":"BreadcrumbList","@id":"https:\/\/www.apen.es\/software-programa-tpv\/programa-para-tiendas\/#breadcrumb","itemListElement":[{"@type":"ListItem","position":1,"name":"Portada","item":"https:\/\/www.apen.es\/"},{"@type":"ListItem","position":2,"name":"TPV-Software Punto de venta","item":"https:\/\/www.apen.es\/software-programa-tpv\/"},{"@type":"ListItem","position":3,"name":"Programa para tiendas"}]},{"@type":"WebSite","@id":"https:\/\/www.apen.es\/#website","url":"https:\/\/www.apen.es\/","name":"Apen Inform\u00e0tica","description":"Manteniment inform\u00e0tic , programari de gesti\u00f3, solucions d&#039;impressi\u00f3","publisher":{"@id":"https:\/\/www.apen.es\/#organization"},"potentialAction":[{"@type":"SearchAction","target":{"@type":"EntryPoint","urlTemplate":"https:\/\/www.apen.es\/?s={search_term_string}"},"query-input":{"@type":"PropertyValueSpecification","valueRequired":true,"valueName":"search_term_string"}}],"inLanguage":"ca"},{"@type":"Organization","@id":"https:\/\/www.apen.es\/#organization","name":"Apen: Solucions inform\u00e0tiques","url":"https:\/\/www.apen.es\/","logo":{"@type":"ImageObject","inLanguage":"ca","@id":"https:\/\/www.apen.es\/#\/schema\/logo\/image\/","url":"https:\/\/www.apen.es\/wp-content\/uploads\/2022\/08\/logo-apenok-231x82-1.png","contentUrl":"https:\/\/www.apen.es\/wp-content\/uploads\/2022\/08\/logo-apenok-231x82-1.png","width":231,"height":82,"caption":"Apen: Soluciones inform\u00e1ticas"},"image":{"@id":"https:\/\/www.apen.es\/#\/schema\/logo\/image\/"},"sameAs":["https:\/\/www.facebook.com\/apensolucions","https:\/\/www.youtube.com\/user\/ApenCentreInformatic","https:\/\/www.linkedin.com\/company\/1021771?trk=tyah&trkInfo=clickedVerticalcompanyclickedEntityId1021771idx2-1-2tarId1464195271196tasapenin"]}]}},"taxonomy_info":[],"featured_image_src_large":false,"author_info":{"display_name":"marqueting","author_link":"https:\/\/www.apen.es\/ca\/blog\/author\/marqueting\/"},"comment_info":0,"_links":{"self":[{"href":"https:\/\/www.apen.es\/ca\/wp-json\/wp\/v2\/pages\/10670","targetHints":{"allow":["GET"]}}],"collection":[{"href":"https:\/\/www.apen.es\/ca\/wp-json\/wp\/v2\/pages"}],"about":[{"href":"https:\/\/www.apen.es\/ca\/wp-json\/wp\/v2\/types\/page"}],"author":[{"embeddable":true,"href":"https:\/\/www.apen.es\/ca\/wp-json\/wp\/v2\/users\/4"}],"replies":[{"embeddable":true,"href":"https:\/\/www.apen.es\/ca\/wp-json\/wp\/v2\/comments?post=10670"}],"version-history":[{"count":2,"href":"https:\/\/www.apen.es\/ca\/wp-json\/wp\/v2\/pages\/10670\/revisions"}],"predecessor-version":[{"id":55867,"href":"https:\/\/www.apen.es\/ca\/wp-json\/wp\/v2\/pages\/10670\/revisions\/55867"}],"up":[{"embeddable":true,"href":"https:\/\/www.apen.es\/ca\/wp-json\/wp\/v2\/pages\/10551"}],"wp:attachment":[{"href":"https:\/\/www.apen.es\/ca\/wp-json\/wp\/v2\/media?parent=10670"}],"curies":[{"name":"wp","href":"https:\/\/api.w.org\/{rel}","templated":true}]}}