{"id":10668,"date":"2018-07-16T10:38:50","date_gmt":"2018-07-16T10:38:50","guid":{"rendered":"https:\/\/www.apen.es\/?page_id=10668"},"modified":"2025-07-08T11:41:19","modified_gmt":"2025-07-08T11:41:19","slug":"erp-tiendas","status":"publish","type":"page","link":"https:\/\/www.apen.es\/ca\/software-programa-tpv\/erp-tiendas\/","title":{"rendered":"ERP Botigues"},"content":{"rendered":"<p>El programa <strong>ERP<\/strong> \u00e9s perfecte per <strong>botigues<\/strong>, tant de comer\u00e7os com de restauraci\u00f3, ja que disposa de diferents funcionalitats que s&#039;adapten al tipus de negoci de qu\u00e8 disposes. Aquest programa <strong>ERP<\/strong> est\u00e0 pensat per a ser utilitzat per qualsevol persona gr\u00e0cies a que \u00e9s molt intu\u00eftiu i f\u00e0cil de manejar. A m\u00e9s, molts dels sistemes s&#039;automatitzen donant pas a una gesti\u00f3 molt m\u00e9s r\u00e0pida i organitzada.<\/p>\n\n\n\n<p>El sistema <strong>ERP<\/strong> per <strong>botigues<\/strong> connecta l&#039;activitat de la caixa amb la comptabilitat, la facturaci\u00f3 i la gesti\u00f3 del magatzem del teu negoci, aix\u00ed pots tenir controlat tot el teu negoci des d&#039;un mateix programa, coneixent aix\u00ed tota la mercaderia que entra i surt a temps real i sense marge d&#039;error.<\/p>\n\n\n\n<p>Aquest programa <strong>ERP<\/strong> permet que el teu <strong>botiga<\/strong> millori tant per dins com per fora, \u00e9s a dir, a m\u00e9s d&#039;ajudar a l&#039;organitzaci\u00f3 i gesti\u00f3 de la comptabilitat i facturaci\u00f3 del negoci tamb\u00e9 fa que el servei que ofereixes al client sigui molt m\u00e9s r\u00e0pid i eficient, millorant aix\u00ed la imatge de la teva empresa de cara al teu p\u00fablic objectiu. Tots els processos del teu negoci milloraran per donar-li m\u00e9s rendibilitat i efici\u00e8ncia.<\/p>\n\n\n\n<p>Es poden automatitzar diferents tasques per tal que nom\u00e9s hagis d&#039;accedir al sistema <strong>ERP<\/strong> per veure quin \u00e9s l&#039;estat actual del vostre <strong>botiga<\/strong>. Les tarifes, cobraments, arqueigs de caixa, vals, devoluci\u00f3, tiquets regal i pagaments fraccionats es poden realitzar a trav\u00e9s del programa <strong>ERP<\/strong> per tal que ho tingui tot controlat i ofereixi unes dades a temps real.<\/p>\n\n\n\n<p>D&#039;altra banda, si el teu negoci \u00e9s de restauraci\u00f3, aquest sistema <a href=\"https:\/\/www.apen.es\/ca\/software-programa-tpv\/\"><strong>ERP per a botigues <\/strong><\/a>t&#039;ajudar\u00e0 a portar control de les taules, carta d&#039;articles, m\u00f2duls de men\u00fa, rols dels empleats, enviats a cuina i tot all\u00f2 que sigui necessari perqu\u00e8 el teu negoci funcioni d&#039;una manera molt m\u00e9s organitzada i efectiva, garantint aix\u00ed la satisfacci\u00f3 de tots i cadascun dels teus clients.<\/p>\n\n\n\n<p>Qualsevol persona pot fer servir aquest programa <strong>ERP<\/strong> per <strong>botigues<\/strong>, ja que \u00e9s molt intu\u00eftiu i en poc temps es poden dominar totes les funcions. A m\u00e9s, permet configurar el sistema segons les teves necessitats i les del teu negoci per tal que el puguis gestionar de la millor manera i que, en poc temps comenci a donar beneficis.<\/p>\n\n\n\n<p>A m\u00e9s d&#039;afectar els clients, aquest sistema <a href=\"https:\/\/www.apen.es\/ca\/software-programa-tpv\/\"><strong>ERP per a botigues<\/strong><\/a> tamb\u00e9 ajuda a gestionar les mat\u00e8ries primeres i els prove\u00efdors de qu\u00e8 disposa el teu negoci. En aquesta funci\u00f3, el sistema t&#039;ajuda a gestionar els costos i les desviacions per comprar el millor producte ia un preu just dins de tots els teus prove\u00efdors. Tamb\u00e9 ho far\u00e0 gr\u00e0cies a la gesti\u00f3 i organitzaci\u00f3 del magatzem.<\/p>","protected":false},"excerpt":{"rendered":"<p>El programa ERP es perfecto para tiendas, tanto de comercios como de restauraci\u00f3n, ya que dispone de distintas funcionalidades que se adaptan al tipo de negocio del que dispones. Este programa ERP est\u00e1 pensado para ser utilizado por cualquier persona gracias a que es muy intuitivo y f\u00e1cil de manejar. Adem\u00e1s, muchos de los sistemas&#8230;<\/p>","protected":false},"author":4,"featured_media":0,"parent":10551,"menu_order":0,"comment_status":"closed","ping_status":"closed","template":"page-landing-moduls.php","meta":{"_acf_changed":false,"_kad_blocks_custom_css":"","_kad_blocks_head_custom_js":"","_kad_blocks_body_custom_js":"","_kad_blocks_footer_custom_js":"","_kad_post_transparent":"","_kad_post_title":"","_kad_post_layout":"","_kad_post_sidebar_id":"","_kad_post_content_style":"","_kad_post_vertical_padding":"","_kad_post_feature":"","_kad_post_feature_position":"","_kad_post_header":false,"_kad_post_footer":false,"_kad_post_classname":"","footnotes":""},"class_list":["post-10668","page","type-page","status-publish","hentry"],"acf":[],"yoast_head":"<!-- This site is optimized with the Yoast SEO plugin v27.4 - https:\/\/yoast.com\/product\/yoast-seo-wordpress\/ -->\n<title>ERP Tiendas - Apen Inform\u00e1tica<\/title>\n<meta name=\"description\" content=\"Con el software ERP tiendas obtienes la mejor soluci\u00f3n TPV del mercado para cualquier sector. Es un m\u00f3dulo totalmente integrado con a3ERP.\" \/>\n<meta name=\"robots\" content=\"index, follow, max-snippet:-1, max-image-preview:large, max-video-preview:-1\" \/>\n<link rel=\"canonical\" href=\"https:\/\/www.apen.es\/ca\/software-programa-tpv\/erp-tiendas\/\" \/>\n<meta property=\"og:locale\" content=\"ca_ES\" \/>\n<meta property=\"og:type\" content=\"article\" \/>\n<meta property=\"og:title\" content=\"ERP Tiendas - Apen Inform\u00e1tica\" \/>\n<meta property=\"og:description\" content=\"Con el software ERP tiendas obtienes la mejor soluci\u00f3n TPV del mercado para cualquier sector. Es un m\u00f3dulo totalmente integrado con a3ERP.\" \/>\n<meta property=\"og:url\" content=\"https:\/\/www.apen.es\/ca\/software-programa-tpv\/erp-tiendas\/\" \/>\n<meta property=\"og:site_name\" content=\"Apen Inform\u00e1tica\" \/>\n<meta property=\"article:publisher\" content=\"https:\/\/www.facebook.com\/apensolucions\" \/>\n<meta property=\"article:modified_time\" content=\"2025-07-08T11:41:19+00:00\" \/>\n<meta property=\"og:image\" content=\"https:\/\/www.apen.es\/wp-content\/uploads\/2016\/05\/logo-apen-231x82-trasparent.png\" \/>\n\t<meta property=\"og:image:width\" content=\"231\" \/>\n\t<meta property=\"og:image:height\" content=\"82\" \/>\n\t<meta property=\"og:image:type\" content=\"image\/png\" \/>\n<meta name=\"twitter:card\" content=\"summary_large_image\" \/>\n<meta name=\"twitter:label1\" content=\"Temps estimat de lectura\" \/>\n\t<meta name=\"twitter:data1\" content=\"5 minuts\" \/>\n<script type=\"application\/ld+json\" class=\"yoast-schema-graph\">{\"@context\":\"https:\\\/\\\/schema.org\",\"@graph\":[{\"@type\":\"WebPage\",\"@id\":\"https:\\\/\\\/www.apen.es\\\/software-programa-tpv\\\/erp-tiendas\\\/\",\"url\":\"https:\\\/\\\/www.apen.es\\\/software-programa-tpv\\\/erp-tiendas\\\/\",\"name\":\"ERP Tiendas - Apen Inform\u00e1tica\",\"isPartOf\":{\"@id\":\"https:\\\/\\\/www.apen.es\\\/#website\"},\"datePublished\":\"2018-07-16T10:38:50+00:00\",\"dateModified\":\"2025-07-08T11:41:19+00:00\",\"description\":\"Con el software ERP tiendas obtienes la mejor soluci\u00f3n TPV del mercado para cualquier sector. Es un m\u00f3dulo totalmente integrado con a3ERP.\",\"breadcrumb\":{\"@id\":\"https:\\\/\\\/www.apen.es\\\/software-programa-tpv\\\/erp-tiendas\\\/#breadcrumb\"},\"inLanguage\":\"ca\",\"potentialAction\":[{\"@type\":\"ReadAction\",\"target\":[\"https:\\\/\\\/www.apen.es\\\/software-programa-tpv\\\/erp-tiendas\\\/\"]}]},{\"@type\":\"BreadcrumbList\",\"@id\":\"https:\\\/\\\/www.apen.es\\\/software-programa-tpv\\\/erp-tiendas\\\/#breadcrumb\",\"itemListElement\":[{\"@type\":\"ListItem\",\"position\":1,\"name\":\"Portada\",\"item\":\"https:\\\/\\\/www.apen.es\\\/\"},{\"@type\":\"ListItem\",\"position\":2,\"name\":\"TPV-Software Punto de venta\",\"item\":\"https:\\\/\\\/www.apen.es\\\/software-programa-tpv\\\/\"},{\"@type\":\"ListItem\",\"position\":3,\"name\":\"ERP Tiendas\"}]},{\"@type\":\"WebSite\",\"@id\":\"https:\\\/\\\/www.apen.es\\\/#website\",\"url\":\"https:\\\/\\\/www.apen.es\\\/\",\"name\":\"Apen Inform\u00e1tica\",\"description\":\"Mantenimiento Inform\u00e1tico , Software de Gesti\u00f3n, Soluciones de impresi\u00f3n\",\"publisher\":{\"@id\":\"https:\\\/\\\/www.apen.es\\\/#organization\"},\"potentialAction\":[{\"@type\":\"SearchAction\",\"target\":{\"@type\":\"EntryPoint\",\"urlTemplate\":\"https:\\\/\\\/www.apen.es\\\/?s={search_term_string}\"},\"query-input\":{\"@type\":\"PropertyValueSpecification\",\"valueRequired\":true,\"valueName\":\"search_term_string\"}}],\"inLanguage\":\"ca\"},{\"@type\":\"Organization\",\"@id\":\"https:\\\/\\\/www.apen.es\\\/#organization\",\"name\":\"Apen: Soluciones inform\u00e1ticas\",\"url\":\"https:\\\/\\\/www.apen.es\\\/\",\"logo\":{\"@type\":\"ImageObject\",\"inLanguage\":\"ca\",\"@id\":\"https:\\\/\\\/www.apen.es\\\/#\\\/schema\\\/logo\\\/image\\\/\",\"url\":\"https:\\\/\\\/www.apen.es\\\/wp-content\\\/uploads\\\/2022\\\/08\\\/logo-apenok-231x82-1.png\",\"contentUrl\":\"https:\\\/\\\/www.apen.es\\\/wp-content\\\/uploads\\\/2022\\\/08\\\/logo-apenok-231x82-1.png\",\"width\":231,\"height\":82,\"caption\":\"Apen: Soluciones inform\u00e1ticas\"},\"image\":{\"@id\":\"https:\\\/\\\/www.apen.es\\\/#\\\/schema\\\/logo\\\/image\\\/\"},\"sameAs\":[\"https:\\\/\\\/www.facebook.com\\\/apensolucions\",\"https:\\\/\\\/www.youtube.com\\\/user\\\/ApenCentreInformatic\",\"https:\\\/\\\/www.linkedin.com\\\/company\\\/1021771?trk=tyah&trkInfo=clickedVerticalcompanyclickedEntityId1021771idx2-1-2tarId1464195271196tasapenin\"]}]}<\/script>\n<!-- \/ Yoast SEO plugin. -->","yoast_head_json":{"title":"ERP Tiendas - Apen Inform\u00e1tica","description":"Con el software ERP tiendas obtienes la mejor soluci\u00f3n TPV del mercado para cualquier sector. Es un m\u00f3dulo totalmente integrado con a3ERP.","robots":{"index":"index","follow":"follow","max-snippet":"max-snippet:-1","max-image-preview":"max-image-preview:large","max-video-preview":"max-video-preview:-1"},"canonical":"https:\/\/www.apen.es\/ca\/software-programa-tpv\/erp-tiendas\/","og_locale":"ca_ES","og_type":"article","og_title":"ERP Tiendas - Apen Inform\u00e1tica","og_description":"Con el software ERP tiendas obtienes la mejor soluci\u00f3n TPV del mercado para cualquier sector. Es un m\u00f3dulo totalmente integrado con a3ERP.","og_url":"https:\/\/www.apen.es\/ca\/software-programa-tpv\/erp-tiendas\/","og_site_name":"Apen Inform\u00e1tica","article_publisher":"https:\/\/www.facebook.com\/apensolucions","article_modified_time":"2025-07-08T11:41:19+00:00","og_image":[{"width":231,"height":82,"url":"https:\/\/www.apen.es\/wp-content\/uploads\/2016\/05\/logo-apen-231x82-trasparent.png","type":"image\/png"}],"twitter_card":"summary_large_image","twitter_misc":{"Temps estimat de lectura":"5 minuts"},"schema":{"@context":"https:\/\/schema.org","@graph":[{"@type":"WebPage","@id":"https:\/\/www.apen.es\/software-programa-tpv\/erp-tiendas\/","url":"https:\/\/www.apen.es\/software-programa-tpv\/erp-tiendas\/","name":"ERP Tiendas - Apen Inform\u00e1tica","isPartOf":{"@id":"https:\/\/www.apen.es\/#website"},"datePublished":"2018-07-16T10:38:50+00:00","dateModified":"2025-07-08T11:41:19+00:00","description":"Con el software ERP tiendas obtienes la mejor soluci\u00f3n TPV del mercado para cualquier sector. Es un m\u00f3dulo totalmente integrado con a3ERP.","breadcrumb":{"@id":"https:\/\/www.apen.es\/software-programa-tpv\/erp-tiendas\/#breadcrumb"},"inLanguage":"ca","potentialAction":[{"@type":"ReadAction","target":["https:\/\/www.apen.es\/software-programa-tpv\/erp-tiendas\/"]}]},{"@type":"BreadcrumbList","@id":"https:\/\/www.apen.es\/software-programa-tpv\/erp-tiendas\/#breadcrumb","itemListElement":[{"@type":"ListItem","position":1,"name":"Portada","item":"https:\/\/www.apen.es\/"},{"@type":"ListItem","position":2,"name":"TPV-Software Punto de venta","item":"https:\/\/www.apen.es\/software-programa-tpv\/"},{"@type":"ListItem","position":3,"name":"ERP Tiendas"}]},{"@type":"WebSite","@id":"https:\/\/www.apen.es\/#website","url":"https:\/\/www.apen.es\/","name":"Apen Inform\u00e0tica","description":"Manteniment inform\u00e0tic , programari de gesti\u00f3, solucions d&#039;impressi\u00f3","publisher":{"@id":"https:\/\/www.apen.es\/#organization"},"potentialAction":[{"@type":"SearchAction","target":{"@type":"EntryPoint","urlTemplate":"https:\/\/www.apen.es\/?s={search_term_string}"},"query-input":{"@type":"PropertyValueSpecification","valueRequired":true,"valueName":"search_term_string"}}],"inLanguage":"ca"},{"@type":"Organization","@id":"https:\/\/www.apen.es\/#organization","name":"Apen: Solucions inform\u00e0tiques","url":"https:\/\/www.apen.es\/","logo":{"@type":"ImageObject","inLanguage":"ca","@id":"https:\/\/www.apen.es\/#\/schema\/logo\/image\/","url":"https:\/\/www.apen.es\/wp-content\/uploads\/2022\/08\/logo-apenok-231x82-1.png","contentUrl":"https:\/\/www.apen.es\/wp-content\/uploads\/2022\/08\/logo-apenok-231x82-1.png","width":231,"height":82,"caption":"Apen: Soluciones inform\u00e1ticas"},"image":{"@id":"https:\/\/www.apen.es\/#\/schema\/logo\/image\/"},"sameAs":["https:\/\/www.facebook.com\/apensolucions","https:\/\/www.youtube.com\/user\/ApenCentreInformatic","https:\/\/www.linkedin.com\/company\/1021771?trk=tyah&trkInfo=clickedVerticalcompanyclickedEntityId1021771idx2-1-2tarId1464195271196tasapenin"]}]}},"taxonomy_info":[],"featured_image_src_large":false,"author_info":{"display_name":"marqueting","author_link":"https:\/\/www.apen.es\/ca\/blog\/author\/marqueting\/"},"comment_info":0,"_links":{"self":[{"href":"https:\/\/www.apen.es\/ca\/wp-json\/wp\/v2\/pages\/10668","targetHints":{"allow":["GET"]}}],"collection":[{"href":"https:\/\/www.apen.es\/ca\/wp-json\/wp\/v2\/pages"}],"about":[{"href":"https:\/\/www.apen.es\/ca\/wp-json\/wp\/v2\/types\/page"}],"author":[{"embeddable":true,"href":"https:\/\/www.apen.es\/ca\/wp-json\/wp\/v2\/users\/4"}],"replies":[{"embeddable":true,"href":"https:\/\/www.apen.es\/ca\/wp-json\/wp\/v2\/comments?post=10668"}],"version-history":[{"count":1,"href":"https:\/\/www.apen.es\/ca\/wp-json\/wp\/v2\/pages\/10668\/revisions"}],"predecessor-version":[{"id":55865,"href":"https:\/\/www.apen.es\/ca\/wp-json\/wp\/v2\/pages\/10668\/revisions\/55865"}],"up":[{"embeddable":true,"href":"https:\/\/www.apen.es\/ca\/wp-json\/wp\/v2\/pages\/10551"}],"wp:attachment":[{"href":"https:\/\/www.apen.es\/ca\/wp-json\/wp\/v2\/media?parent=10668"}],"curies":[{"name":"wp","href":"https:\/\/api.w.org\/{rel}","templated":true}]}}