{"id":10666,"date":"2018-07-16T10:36:55","date_gmt":"2018-07-16T10:36:55","guid":{"rendered":"https:\/\/www.apen.es\/?page_id=10666"},"modified":"2025-07-08T11:41:03","modified_gmt":"2025-07-08T11:41:03","slug":"erp-retail","status":"publish","type":"page","link":"https:\/\/www.apen.es\/ca\/software-programa-tpv\/erp-retail\/","title":{"rendered":"ERP Retail"},"content":{"rendered":"<p>El programa <strong>ERP retail<\/strong> \u00e9s ideal per millorar l&#039;organitzaci\u00f3 i la gesti\u00f3 del teu negoci. Amb aquest \u00fanic sistema podr\u00e0s connectar diferents activitats com la caixa de comptabilitat, la facturaci\u00f3 i la gesti\u00f3 del magatzem, portant aix\u00ed una gesti\u00f3 total i temps real del teu negoci.<\/p>\n\n\n\n<p>Un dels grans avantatges d&#039;aquest programa <a href=\"https:\/\/www.apen.es\/ca\/software-programa-tpv\/\"><strong>ERP retail<\/strong><\/a> \u00e9s que no cal un coneixement previ per saber-lo utilitzar, aix\u00f2 \u00e9s degut a que \u00e9s un sistema molt intu\u00eftiu i f\u00e0cil d&#039;utilitzar. A m\u00e9s, et permet con\u00e8ixer quines seran les compres amb anterioritat per tal d&#039;organitzar pr\u00e8viament la feina a realitzar a llarg termini.<\/p>\n\n\n\n<p>Aquest sistema <strong>ERP retail<\/strong> permet portar una gesti\u00f3 total del negoci, aix\u00ed el cobrament en caixa s&#039;agilitzar\u00e0 i la satisfacci\u00f3 dels clients augmentar\u00e0 notablement. Podem afirmar que aquest programa no afecta \u00fanicament la part interna del negoci sin\u00f3 que tamb\u00e9 es reflecteix en la fidelitzaci\u00f3 dels diferents clients que accedeixin a la teva botiga.<\/p>\n\n\n\n<p>Per millorar la gesti\u00f3 de tota la comptabilitat del teu negoci, aquest programa automatitza tarifes, cobraments, arqueigs de caixa, vals de devoluci\u00f3, tiquets regal, pagaments fraccionats, bestretes i molt m\u00e9s. Aix\u00f2 permet que tota la botiga estigui ben organitzada i no hi hagi cap marge que error que pugui afectar la comptabilitat o atenci\u00f3 al client.<\/p>\n\n\n\n<p>D&#039;altra banda, el sistema <a href=\"https:\/\/www.apen.es\/ca\/software-programa-tpv\/\"><strong>ERP retail<\/strong><\/a>, tamb\u00e9 permet gestionar prove\u00efdors, calcular costos, formes de pagament, emetre comandes autom\u00e0ticament i controlar totes les compres que fas de manera senzilla i molt r\u00e0pida. En pocs minuts podr\u00e0s veure informaci\u00f3 totalment actualitzada del teu negoci per tal de controlar que les compres als prove\u00efdors s\u00f3n les correctes i que tries el millor preu del mercat.<\/p>\n\n\n\n<p>Aquest programa <strong>ERP retail<\/strong> permet gestionar els productes que entren i els que surten a temps real, ajudant aix\u00ed que sempre hi hagi a la botiga la quantitat necess\u00e0ria de cada producte. A m\u00e9s, es pot controlar de manera molt senzilla, ja que a m\u00e9s de ser intu\u00eftiu, el sistema <strong>ERP retail<\/strong> es pot configurar segons les teves necessitats i les del teu negoci.<\/p>\n\n\n\n<p>Gr\u00e0cies als grans avantatges que ofereix aquest programa <a href=\"https:\/\/www.apen.es\/ca\/software-programa-tpv\/\"><strong>ERP retail<\/strong><\/a> cada cop s\u00f3n m\u00e9s els negocis que funcionen de forma automatitzada i amb totes les compres i vendes controlades. T&#039;ajudar\u00e0 a gestionar des de qualsevol lloc el teu negoci, captar nous clients i fidelitzar aquells que ja confien en el teu negoci.<\/p>\n\n\n\n<p>Amb aquest programa no t&#039;haur\u00e0s de preocupar per fer la comptabilitat o introduir cap tipus de dada, \u00fanicament caldr\u00e0 connectar botiga i magatzem per tenir una visi\u00f3 a temps real de l&#039;estoc i productes de qu\u00e8 disposes al teu negoci. A m\u00e9s, podr\u00e0s veure les quantitats venudes i tota mena d&#039;informaci\u00f3 sobre la compra.<\/p>","protected":false},"excerpt":{"rendered":"<p>El programa ERP retail es ideal para mejorar la organizaci\u00f3n y gesti\u00f3n de tu negocio. Con este \u00fanico sistema podr\u00e1s conectar distintas actividades como la caja de contabilidad, la facturaci\u00f3n y la gesti\u00f3n del almac\u00e9n, llevando as\u00ed una gesti\u00f3n total y a tiempo real de tu negocio. Una de las grandes ventajas de este programa&#8230;<\/p>","protected":false},"author":4,"featured_media":0,"parent":10551,"menu_order":0,"comment_status":"closed","ping_status":"closed","template":"page-landing-moduls.php","meta":{"_acf_changed":false,"_kad_blocks_custom_css":"","_kad_blocks_head_custom_js":"","_kad_blocks_body_custom_js":"","_kad_blocks_footer_custom_js":"","_kad_post_transparent":"","_kad_post_title":"","_kad_post_layout":"","_kad_post_sidebar_id":"","_kad_post_content_style":"","_kad_post_vertical_padding":"","_kad_post_feature":"","_kad_post_feature_position":"","_kad_post_header":false,"_kad_post_footer":false,"_kad_post_classname":"","footnotes":""},"class_list":["post-10666","page","type-page","status-publish","hentry"],"acf":[],"yoast_head":"<!-- This site is optimized with the Yoast SEO plugin v27.4 - https:\/\/yoast.com\/product\/yoast-seo-wordpress\/ -->\n<title>ERP Retail - Apen Inform\u00e1tica<\/title>\n<meta name=\"description\" content=\"ERP Retail nos ofrece el software TPV para puntos de venta totalmente integrado con a3ERP con diferentes opciones para todos los negocios.\" \/>\n<meta name=\"robots\" content=\"index, follow, max-snippet:-1, max-image-preview:large, max-video-preview:-1\" \/>\n<link rel=\"canonical\" href=\"https:\/\/www.apen.es\/ca\/software-programa-tpv\/erp-retail\/\" \/>\n<meta property=\"og:locale\" content=\"ca_ES\" \/>\n<meta property=\"og:type\" content=\"article\" \/>\n<meta property=\"og:title\" content=\"ERP Retail - Apen Inform\u00e1tica\" \/>\n<meta property=\"og:description\" content=\"ERP Retail nos ofrece el software TPV para puntos de venta totalmente integrado con a3ERP con diferentes opciones para todos los negocios.\" \/>\n<meta property=\"og:url\" content=\"https:\/\/www.apen.es\/ca\/software-programa-tpv\/erp-retail\/\" \/>\n<meta property=\"og:site_name\" content=\"Apen Inform\u00e1tica\" \/>\n<meta property=\"article:publisher\" content=\"https:\/\/www.facebook.com\/apensolucions\" \/>\n<meta property=\"article:modified_time\" content=\"2025-07-08T11:41:03+00:00\" \/>\n<meta property=\"og:image\" content=\"https:\/\/www.apen.es\/wp-content\/uploads\/2016\/05\/logo-apen-231x82-trasparent.png\" \/>\n\t<meta property=\"og:image:width\" content=\"231\" \/>\n\t<meta property=\"og:image:height\" content=\"82\" \/>\n\t<meta property=\"og:image:type\" content=\"image\/png\" \/>\n<meta name=\"twitter:card\" content=\"summary_large_image\" \/>\n<meta name=\"twitter:label1\" content=\"Temps estimat de lectura\" \/>\n\t<meta name=\"twitter:data1\" content=\"5 minuts\" \/>\n<script type=\"application\/ld+json\" class=\"yoast-schema-graph\">{\"@context\":\"https:\\\/\\\/schema.org\",\"@graph\":[{\"@type\":\"WebPage\",\"@id\":\"https:\\\/\\\/www.apen.es\\\/software-programa-tpv\\\/erp-retail\\\/\",\"url\":\"https:\\\/\\\/www.apen.es\\\/software-programa-tpv\\\/erp-retail\\\/\",\"name\":\"ERP Retail - Apen Inform\u00e1tica\",\"isPartOf\":{\"@id\":\"https:\\\/\\\/www.apen.es\\\/#website\"},\"datePublished\":\"2018-07-16T10:36:55+00:00\",\"dateModified\":\"2025-07-08T11:41:03+00:00\",\"description\":\"ERP Retail nos ofrece el software TPV para puntos de venta totalmente integrado con a3ERP con diferentes opciones para todos los negocios.\",\"breadcrumb\":{\"@id\":\"https:\\\/\\\/www.apen.es\\\/software-programa-tpv\\\/erp-retail\\\/#breadcrumb\"},\"inLanguage\":\"ca\",\"potentialAction\":[{\"@type\":\"ReadAction\",\"target\":[\"https:\\\/\\\/www.apen.es\\\/software-programa-tpv\\\/erp-retail\\\/\"]}]},{\"@type\":\"BreadcrumbList\",\"@id\":\"https:\\\/\\\/www.apen.es\\\/software-programa-tpv\\\/erp-retail\\\/#breadcrumb\",\"itemListElement\":[{\"@type\":\"ListItem\",\"position\":1,\"name\":\"Portada\",\"item\":\"https:\\\/\\\/www.apen.es\\\/\"},{\"@type\":\"ListItem\",\"position\":2,\"name\":\"TPV-Software Punto de venta\",\"item\":\"https:\\\/\\\/www.apen.es\\\/software-programa-tpv\\\/\"},{\"@type\":\"ListItem\",\"position\":3,\"name\":\"ERP Retail\"}]},{\"@type\":\"WebSite\",\"@id\":\"https:\\\/\\\/www.apen.es\\\/#website\",\"url\":\"https:\\\/\\\/www.apen.es\\\/\",\"name\":\"Apen Inform\u00e1tica\",\"description\":\"Mantenimiento Inform\u00e1tico , Software de Gesti\u00f3n, Soluciones de impresi\u00f3n\",\"publisher\":{\"@id\":\"https:\\\/\\\/www.apen.es\\\/#organization\"},\"potentialAction\":[{\"@type\":\"SearchAction\",\"target\":{\"@type\":\"EntryPoint\",\"urlTemplate\":\"https:\\\/\\\/www.apen.es\\\/?s={search_term_string}\"},\"query-input\":{\"@type\":\"PropertyValueSpecification\",\"valueRequired\":true,\"valueName\":\"search_term_string\"}}],\"inLanguage\":\"ca\"},{\"@type\":\"Organization\",\"@id\":\"https:\\\/\\\/www.apen.es\\\/#organization\",\"name\":\"Apen: Soluciones inform\u00e1ticas\",\"url\":\"https:\\\/\\\/www.apen.es\\\/\",\"logo\":{\"@type\":\"ImageObject\",\"inLanguage\":\"ca\",\"@id\":\"https:\\\/\\\/www.apen.es\\\/#\\\/schema\\\/logo\\\/image\\\/\",\"url\":\"https:\\\/\\\/www.apen.es\\\/wp-content\\\/uploads\\\/2022\\\/08\\\/logo-apenok-231x82-1.png\",\"contentUrl\":\"https:\\\/\\\/www.apen.es\\\/wp-content\\\/uploads\\\/2022\\\/08\\\/logo-apenok-231x82-1.png\",\"width\":231,\"height\":82,\"caption\":\"Apen: Soluciones inform\u00e1ticas\"},\"image\":{\"@id\":\"https:\\\/\\\/www.apen.es\\\/#\\\/schema\\\/logo\\\/image\\\/\"},\"sameAs\":[\"https:\\\/\\\/www.facebook.com\\\/apensolucions\",\"https:\\\/\\\/www.youtube.com\\\/user\\\/ApenCentreInformatic\",\"https:\\\/\\\/www.linkedin.com\\\/company\\\/1021771?trk=tyah&trkInfo=clickedVerticalcompanyclickedEntityId1021771idx2-1-2tarId1464195271196tasapenin\"]}]}<\/script>\n<!-- \/ Yoast SEO plugin. -->","yoast_head_json":{"title":"ERP Retail - Apen Inform\u00e1tica","description":"ERP Retail nos ofrece el software TPV para puntos de venta totalmente integrado con a3ERP con diferentes opciones para todos los negocios.","robots":{"index":"index","follow":"follow","max-snippet":"max-snippet:-1","max-image-preview":"max-image-preview:large","max-video-preview":"max-video-preview:-1"},"canonical":"https:\/\/www.apen.es\/ca\/software-programa-tpv\/erp-retail\/","og_locale":"ca_ES","og_type":"article","og_title":"ERP Retail - Apen Inform\u00e1tica","og_description":"ERP Retail nos ofrece el software TPV para puntos de venta totalmente integrado con a3ERP con diferentes opciones para todos los negocios.","og_url":"https:\/\/www.apen.es\/ca\/software-programa-tpv\/erp-retail\/","og_site_name":"Apen Inform\u00e1tica","article_publisher":"https:\/\/www.facebook.com\/apensolucions","article_modified_time":"2025-07-08T11:41:03+00:00","og_image":[{"width":231,"height":82,"url":"https:\/\/www.apen.es\/wp-content\/uploads\/2016\/05\/logo-apen-231x82-trasparent.png","type":"image\/png"}],"twitter_card":"summary_large_image","twitter_misc":{"Temps estimat de lectura":"5 minuts"},"schema":{"@context":"https:\/\/schema.org","@graph":[{"@type":"WebPage","@id":"https:\/\/www.apen.es\/software-programa-tpv\/erp-retail\/","url":"https:\/\/www.apen.es\/software-programa-tpv\/erp-retail\/","name":"ERP Retail - Apen Inform\u00e1tica","isPartOf":{"@id":"https:\/\/www.apen.es\/#website"},"datePublished":"2018-07-16T10:36:55+00:00","dateModified":"2025-07-08T11:41:03+00:00","description":"ERP Retail nos ofrece el software TPV para puntos de venta totalmente integrado con a3ERP con diferentes opciones para todos los negocios.","breadcrumb":{"@id":"https:\/\/www.apen.es\/software-programa-tpv\/erp-retail\/#breadcrumb"},"inLanguage":"ca","potentialAction":[{"@type":"ReadAction","target":["https:\/\/www.apen.es\/software-programa-tpv\/erp-retail\/"]}]},{"@type":"BreadcrumbList","@id":"https:\/\/www.apen.es\/software-programa-tpv\/erp-retail\/#breadcrumb","itemListElement":[{"@type":"ListItem","position":1,"name":"Portada","item":"https:\/\/www.apen.es\/"},{"@type":"ListItem","position":2,"name":"TPV-Software Punto de venta","item":"https:\/\/www.apen.es\/software-programa-tpv\/"},{"@type":"ListItem","position":3,"name":"ERP Retail"}]},{"@type":"WebSite","@id":"https:\/\/www.apen.es\/#website","url":"https:\/\/www.apen.es\/","name":"Apen Inform\u00e0tica","description":"Manteniment inform\u00e0tic , programari de gesti\u00f3, solucions d&#039;impressi\u00f3","publisher":{"@id":"https:\/\/www.apen.es\/#organization"},"potentialAction":[{"@type":"SearchAction","target":{"@type":"EntryPoint","urlTemplate":"https:\/\/www.apen.es\/?s={search_term_string}"},"query-input":{"@type":"PropertyValueSpecification","valueRequired":true,"valueName":"search_term_string"}}],"inLanguage":"ca"},{"@type":"Organization","@id":"https:\/\/www.apen.es\/#organization","name":"Apen: Solucions inform\u00e0tiques","url":"https:\/\/www.apen.es\/","logo":{"@type":"ImageObject","inLanguage":"ca","@id":"https:\/\/www.apen.es\/#\/schema\/logo\/image\/","url":"https:\/\/www.apen.es\/wp-content\/uploads\/2022\/08\/logo-apenok-231x82-1.png","contentUrl":"https:\/\/www.apen.es\/wp-content\/uploads\/2022\/08\/logo-apenok-231x82-1.png","width":231,"height":82,"caption":"Apen: Soluciones inform\u00e1ticas"},"image":{"@id":"https:\/\/www.apen.es\/#\/schema\/logo\/image\/"},"sameAs":["https:\/\/www.facebook.com\/apensolucions","https:\/\/www.youtube.com\/user\/ApenCentreInformatic","https:\/\/www.linkedin.com\/company\/1021771?trk=tyah&trkInfo=clickedVerticalcompanyclickedEntityId1021771idx2-1-2tarId1464195271196tasapenin"]}]}},"taxonomy_info":[],"featured_image_src_large":false,"author_info":{"display_name":"marqueting","author_link":"https:\/\/www.apen.es\/ca\/blog\/author\/marqueting\/"},"comment_info":0,"_links":{"self":[{"href":"https:\/\/www.apen.es\/ca\/wp-json\/wp\/v2\/pages\/10666","targetHints":{"allow":["GET"]}}],"collection":[{"href":"https:\/\/www.apen.es\/ca\/wp-json\/wp\/v2\/pages"}],"about":[{"href":"https:\/\/www.apen.es\/ca\/wp-json\/wp\/v2\/types\/page"}],"author":[{"embeddable":true,"href":"https:\/\/www.apen.es\/ca\/wp-json\/wp\/v2\/users\/4"}],"replies":[{"embeddable":true,"href":"https:\/\/www.apen.es\/ca\/wp-json\/wp\/v2\/comments?post=10666"}],"version-history":[{"count":1,"href":"https:\/\/www.apen.es\/ca\/wp-json\/wp\/v2\/pages\/10666\/revisions"}],"predecessor-version":[{"id":55864,"href":"https:\/\/www.apen.es\/ca\/wp-json\/wp\/v2\/pages\/10666\/revisions\/55864"}],"up":[{"embeddable":true,"href":"https:\/\/www.apen.es\/ca\/wp-json\/wp\/v2\/pages\/10551"}],"wp:attachment":[{"href":"https:\/\/www.apen.es\/ca\/wp-json\/wp\/v2\/media?parent=10666"}],"curies":[{"name":"wp","href":"https:\/\/api.w.org\/{rel}","templated":true}]}}