{"id":10660,"date":"2018-07-16T10:31:37","date_gmt":"2018-07-16T10:31:37","guid":{"rendered":"https:\/\/www.apen.es\/?page_id=10660"},"modified":"2025-07-08T11:40:53","modified_gmt":"2025-07-08T11:40:53","slug":"erp-restauracion","status":"publish","type":"page","link":"https:\/\/www.apen.es\/ca\/software-programa-tpv\/erp-restauracion\/","title":{"rendered":"ERP Restauraci\u00f3"},"content":{"rendered":"<p>El programa <strong>ERP<\/strong> per <strong>restauraci\u00f3<\/strong> est\u00e0 especialment dissenyat per ser utilitzat en comer\u00e7os que necessitin portar un control m\u00e9s gran de tots els moviments que es realitzen en el seu negoci, ja siguin comptables com de producte. Podr\u00e0s utilitzar aquest sistema d&#039;una manera molt senzilla i intu\u00eftiva, a m\u00e9s de configurar-lo segons les teves necessitats per tal que tot estigui automatitzat i nom\u00e9s hagis de revisar la informaci\u00f3 que t&#039;ofereix.<\/p>\n\n\n\n<p>Aquest sistema <strong>ERP<\/strong> de <strong>restauraci\u00f3<\/strong> connecta l&#039;activitat de la caixa amb la comptabilitat, la facturaci\u00f3 i la gesti\u00f3 de la mat\u00e8ria primera al magatzem. D&#039;aquesta manera, podreu gestionar a temps real aquests diferents aspectes del vostre comer\u00e7 de restauraci\u00f3. El gran avantatge de <strong>ERP<\/strong> <strong>restauraci\u00f3<\/strong> \u00e9s que en un \u00fanic programa pots tenir la gesti\u00f3 de diferents \u00e0mbits del teu negoci, que units et donen unes dades molt fiables sobre quina \u00e9s la situaci\u00f3 actual.<\/p>\n\n\n\n<p>L\u00b4objectiu final d\u00b4aquest programa <strong>ERP<\/strong> de restauraci\u00f3 \u00e9s poder controlar tots els aspectes del teu negoci per tal de rendibilitzar-lo i que tots els processos siguin el m\u00e9s eficients possibles. Aquests beneficis es veuran reflectits tant als treballadors del teu negoci com als prove\u00efdors i clients. <a href=\"https:\/\/www.apen.es\/ca\/software-programa-tpv\/\"><strong>ERP restauraci\u00f3<\/strong><\/a> millora notablement el servei que ofereixes als teus clients, ja que agilitza les tasques i el servei es fan de manera molt m\u00e9s r\u00e0pida i satisfact\u00f2ria per al client.<\/p>\n\n\n\n<p>Algunes de les funcions que realitza aquest programa <strong>ERP<\/strong> de <strong>restauraci\u00f3<\/strong> consisteix a portar el control de les taules, carta d&#039;articles, m\u00f2duls de men\u00fa, rols dels empleats, propines, qualificadors de plats enviats a cuina i tot all\u00f2 que sigui necessari perqu\u00e8 el teu negoci estigui sota control i funcioni perfectament amb un \u00fanic programa. Aquestes funcions seran perfectes per poder gestionar les compres que fas als teus prove\u00efdors segons les vendes que facis als teus clients.<\/p>\n\n\n\n<p>Pel que fa a facturaci\u00f3, <strong>ERP restauraci\u00f3<\/strong> permet fer una facturaci\u00f3 r\u00e0pida, cobraments fraccionats, tipus de pagament il\u00b7limitats, enlla\u00e7 a mitjans de pagament electr\u00f2nics i control de moneda estrangera. Aix\u00ed, la part de facturaci\u00f3 del teu negoci estar\u00e0 ben controlada i actualitzada en tot moment gr\u00e0cies al programa <a href=\"https:\/\/www.apen.es\/ca\/software-programa-tpv\/\"><strong>ERP restauraci\u00f3<\/strong><\/a>.<\/p>\n\n\n\n<p>Si parlem de les vendes que fas al teu negoci, aquest programa et permet realitzar infinitat de tasques, creaci\u00f3 de consums de venda i mat\u00e8ries primeres, control d&#039;\u00e0rees de venda il\u00b7limitades, establiment de marge de venda sobre preu de cost o de venda, entre moltes altres funcionalitats que faran que gestionar el teu negoci sigui molt m\u00e9s senzill.<\/p>\n\n\n\n<p>Finalment, podr\u00e0s definir els teus prove\u00efdors, recalcular costos, analitzar minves i desviacions, i controlar l&#039;estoc de les vendes, aix\u00ed com les del magatzem. Gr\u00e0cies a aix\u00f2, podr\u00e0s saber la mercaderia que tens i automatitzar el sistema perqu\u00e8 faci compres als prove\u00efdors sempre que sigui necessari.<\/p>","protected":false},"excerpt":{"rendered":"<p>El programa ERP para restauraci\u00f3n est\u00e1 especialmente dise\u00f1ado para ser utilizado en comercios que necesiten llevar un mayor control de todos los movimientos que se realizan en su negocio, ya sean contables como de producto. Podr\u00e1s utilizar este sistema de una forma muy sencilla e intuitiva, adem\u00e1s de configurarlo seg\u00fan tus necesidades con tal de&#8230;<\/p>","protected":false},"author":4,"featured_media":0,"parent":10551,"menu_order":0,"comment_status":"closed","ping_status":"closed","template":"page-landing-moduls.php","meta":{"_acf_changed":false,"_kad_blocks_custom_css":"","_kad_blocks_head_custom_js":"","_kad_blocks_body_custom_js":"","_kad_blocks_footer_custom_js":"","_kad_post_transparent":"","_kad_post_title":"","_kad_post_layout":"","_kad_post_sidebar_id":"","_kad_post_content_style":"","_kad_post_vertical_padding":"","_kad_post_feature":"","_kad_post_feature_position":"","_kad_post_header":false,"_kad_post_footer":false,"_kad_post_classname":"","footnotes":""},"class_list":["post-10660","page","type-page","status-publish","hentry"],"acf":[],"yoast_head":"<!-- This site is optimized with the Yoast SEO plugin v27.4 - https:\/\/yoast.com\/product\/yoast-seo-wordpress\/ -->\n<title>ERP Restauraci\u00f3n - Apen Inform\u00e1tica<\/title>\n<meta name=\"description\" content=\"ERP Restauraci\u00f3n es la mejor soluci\u00f3n TPV del mercado para cualquier sector. Es un software TPV para puntos de venta totalmente integrado con a3ERP.\" \/>\n<meta name=\"robots\" content=\"index, follow, max-snippet:-1, max-image-preview:large, max-video-preview:-1\" \/>\n<link rel=\"canonical\" href=\"https:\/\/www.apen.es\/ca\/software-programa-tpv\/erp-restauracion\/\" \/>\n<meta property=\"og:locale\" content=\"ca_ES\" \/>\n<meta property=\"og:type\" content=\"article\" \/>\n<meta property=\"og:title\" content=\"ERP Restauraci\u00f3n - Apen Inform\u00e1tica\" \/>\n<meta property=\"og:description\" content=\"ERP Restauraci\u00f3n es la mejor soluci\u00f3n TPV del mercado para cualquier sector. Es un software TPV para puntos de venta totalmente integrado con a3ERP.\" \/>\n<meta property=\"og:url\" content=\"https:\/\/www.apen.es\/ca\/software-programa-tpv\/erp-restauracion\/\" \/>\n<meta property=\"og:site_name\" content=\"Apen Inform\u00e1tica\" \/>\n<meta property=\"article:publisher\" content=\"https:\/\/www.facebook.com\/apensolucions\" \/>\n<meta property=\"article:modified_time\" content=\"2025-07-08T11:40:53+00:00\" \/>\n<meta property=\"og:image\" content=\"https:\/\/www.apen.es\/wp-content\/uploads\/2016\/05\/logo-apen-231x82-trasparent.png\" \/>\n\t<meta property=\"og:image:width\" content=\"231\" \/>\n\t<meta property=\"og:image:height\" content=\"82\" \/>\n\t<meta property=\"og:image:type\" content=\"image\/png\" \/>\n<meta name=\"twitter:card\" content=\"summary_large_image\" \/>\n<meta name=\"twitter:label1\" content=\"Temps estimat de lectura\" \/>\n\t<meta name=\"twitter:data1\" content=\"5 minuts\" \/>\n<script type=\"application\/ld+json\" class=\"yoast-schema-graph\">{\"@context\":\"https:\\\/\\\/schema.org\",\"@graph\":[{\"@type\":\"WebPage\",\"@id\":\"https:\\\/\\\/www.apen.es\\\/software-programa-tpv\\\/erp-restauracion\\\/\",\"url\":\"https:\\\/\\\/www.apen.es\\\/software-programa-tpv\\\/erp-restauracion\\\/\",\"name\":\"ERP Restauraci\u00f3n - Apen Inform\u00e1tica\",\"isPartOf\":{\"@id\":\"https:\\\/\\\/www.apen.es\\\/#website\"},\"datePublished\":\"2018-07-16T10:31:37+00:00\",\"dateModified\":\"2025-07-08T11:40:53+00:00\",\"description\":\"ERP Restauraci\u00f3n es la mejor soluci\u00f3n TPV del mercado para cualquier sector. Es un software TPV para puntos de venta totalmente integrado con a3ERP.\",\"breadcrumb\":{\"@id\":\"https:\\\/\\\/www.apen.es\\\/software-programa-tpv\\\/erp-restauracion\\\/#breadcrumb\"},\"inLanguage\":\"ca\",\"potentialAction\":[{\"@type\":\"ReadAction\",\"target\":[\"https:\\\/\\\/www.apen.es\\\/software-programa-tpv\\\/erp-restauracion\\\/\"]}]},{\"@type\":\"BreadcrumbList\",\"@id\":\"https:\\\/\\\/www.apen.es\\\/software-programa-tpv\\\/erp-restauracion\\\/#breadcrumb\",\"itemListElement\":[{\"@type\":\"ListItem\",\"position\":1,\"name\":\"Portada\",\"item\":\"https:\\\/\\\/www.apen.es\\\/\"},{\"@type\":\"ListItem\",\"position\":2,\"name\":\"TPV-Software Punto de venta\",\"item\":\"https:\\\/\\\/www.apen.es\\\/software-programa-tpv\\\/\"},{\"@type\":\"ListItem\",\"position\":3,\"name\":\"ERP Restauraci\u00f3n\"}]},{\"@type\":\"WebSite\",\"@id\":\"https:\\\/\\\/www.apen.es\\\/#website\",\"url\":\"https:\\\/\\\/www.apen.es\\\/\",\"name\":\"Apen Inform\u00e1tica\",\"description\":\"Mantenimiento Inform\u00e1tico , Software de Gesti\u00f3n, Soluciones de impresi\u00f3n\",\"publisher\":{\"@id\":\"https:\\\/\\\/www.apen.es\\\/#organization\"},\"potentialAction\":[{\"@type\":\"SearchAction\",\"target\":{\"@type\":\"EntryPoint\",\"urlTemplate\":\"https:\\\/\\\/www.apen.es\\\/?s={search_term_string}\"},\"query-input\":{\"@type\":\"PropertyValueSpecification\",\"valueRequired\":true,\"valueName\":\"search_term_string\"}}],\"inLanguage\":\"ca\"},{\"@type\":\"Organization\",\"@id\":\"https:\\\/\\\/www.apen.es\\\/#organization\",\"name\":\"Apen: Soluciones inform\u00e1ticas\",\"url\":\"https:\\\/\\\/www.apen.es\\\/\",\"logo\":{\"@type\":\"ImageObject\",\"inLanguage\":\"ca\",\"@id\":\"https:\\\/\\\/www.apen.es\\\/#\\\/schema\\\/logo\\\/image\\\/\",\"url\":\"https:\\\/\\\/www.apen.es\\\/wp-content\\\/uploads\\\/2022\\\/08\\\/logo-apenok-231x82-1.png\",\"contentUrl\":\"https:\\\/\\\/www.apen.es\\\/wp-content\\\/uploads\\\/2022\\\/08\\\/logo-apenok-231x82-1.png\",\"width\":231,\"height\":82,\"caption\":\"Apen: Soluciones inform\u00e1ticas\"},\"image\":{\"@id\":\"https:\\\/\\\/www.apen.es\\\/#\\\/schema\\\/logo\\\/image\\\/\"},\"sameAs\":[\"https:\\\/\\\/www.facebook.com\\\/apensolucions\",\"https:\\\/\\\/www.youtube.com\\\/user\\\/ApenCentreInformatic\",\"https:\\\/\\\/www.linkedin.com\\\/company\\\/1021771?trk=tyah&trkInfo=clickedVerticalcompanyclickedEntityId1021771idx2-1-2tarId1464195271196tasapenin\"]}]}<\/script>\n<!-- \/ Yoast SEO plugin. -->","yoast_head_json":{"title":"ERP Restauraci\u00f3n - Apen Inform\u00e1tica","description":"ERP Restauraci\u00f3n es la mejor soluci\u00f3n TPV del mercado para cualquier sector. Es un software TPV para puntos de venta totalmente integrado con a3ERP.","robots":{"index":"index","follow":"follow","max-snippet":"max-snippet:-1","max-image-preview":"max-image-preview:large","max-video-preview":"max-video-preview:-1"},"canonical":"https:\/\/www.apen.es\/ca\/software-programa-tpv\/erp-restauracion\/","og_locale":"ca_ES","og_type":"article","og_title":"ERP Restauraci\u00f3n - Apen Inform\u00e1tica","og_description":"ERP Restauraci\u00f3n es la mejor soluci\u00f3n TPV del mercado para cualquier sector. Es un software TPV para puntos de venta totalmente integrado con a3ERP.","og_url":"https:\/\/www.apen.es\/ca\/software-programa-tpv\/erp-restauracion\/","og_site_name":"Apen Inform\u00e1tica","article_publisher":"https:\/\/www.facebook.com\/apensolucions","article_modified_time":"2025-07-08T11:40:53+00:00","og_image":[{"width":231,"height":82,"url":"https:\/\/www.apen.es\/wp-content\/uploads\/2016\/05\/logo-apen-231x82-trasparent.png","type":"image\/png"}],"twitter_card":"summary_large_image","twitter_misc":{"Temps estimat de lectura":"5 minuts"},"schema":{"@context":"https:\/\/schema.org","@graph":[{"@type":"WebPage","@id":"https:\/\/www.apen.es\/software-programa-tpv\/erp-restauracion\/","url":"https:\/\/www.apen.es\/software-programa-tpv\/erp-restauracion\/","name":"ERP Restauraci\u00f3n - Apen Inform\u00e1tica","isPartOf":{"@id":"https:\/\/www.apen.es\/#website"},"datePublished":"2018-07-16T10:31:37+00:00","dateModified":"2025-07-08T11:40:53+00:00","description":"ERP Restauraci\u00f3n es la mejor soluci\u00f3n TPV del mercado para cualquier sector. Es un software TPV para puntos de venta totalmente integrado con a3ERP.","breadcrumb":{"@id":"https:\/\/www.apen.es\/software-programa-tpv\/erp-restauracion\/#breadcrumb"},"inLanguage":"ca","potentialAction":[{"@type":"ReadAction","target":["https:\/\/www.apen.es\/software-programa-tpv\/erp-restauracion\/"]}]},{"@type":"BreadcrumbList","@id":"https:\/\/www.apen.es\/software-programa-tpv\/erp-restauracion\/#breadcrumb","itemListElement":[{"@type":"ListItem","position":1,"name":"Portada","item":"https:\/\/www.apen.es\/"},{"@type":"ListItem","position":2,"name":"TPV-Software Punto de venta","item":"https:\/\/www.apen.es\/software-programa-tpv\/"},{"@type":"ListItem","position":3,"name":"ERP Restauraci\u00f3n"}]},{"@type":"WebSite","@id":"https:\/\/www.apen.es\/#website","url":"https:\/\/www.apen.es\/","name":"Apen Inform\u00e0tica","description":"Manteniment inform\u00e0tic , programari de gesti\u00f3, solucions d&#039;impressi\u00f3","publisher":{"@id":"https:\/\/www.apen.es\/#organization"},"potentialAction":[{"@type":"SearchAction","target":{"@type":"EntryPoint","urlTemplate":"https:\/\/www.apen.es\/?s={search_term_string}"},"query-input":{"@type":"PropertyValueSpecification","valueRequired":true,"valueName":"search_term_string"}}],"inLanguage":"ca"},{"@type":"Organization","@id":"https:\/\/www.apen.es\/#organization","name":"Apen: Solucions inform\u00e0tiques","url":"https:\/\/www.apen.es\/","logo":{"@type":"ImageObject","inLanguage":"ca","@id":"https:\/\/www.apen.es\/#\/schema\/logo\/image\/","url":"https:\/\/www.apen.es\/wp-content\/uploads\/2022\/08\/logo-apenok-231x82-1.png","contentUrl":"https:\/\/www.apen.es\/wp-content\/uploads\/2022\/08\/logo-apenok-231x82-1.png","width":231,"height":82,"caption":"Apen: Soluciones inform\u00e1ticas"},"image":{"@id":"https:\/\/www.apen.es\/#\/schema\/logo\/image\/"},"sameAs":["https:\/\/www.facebook.com\/apensolucions","https:\/\/www.youtube.com\/user\/ApenCentreInformatic","https:\/\/www.linkedin.com\/company\/1021771?trk=tyah&trkInfo=clickedVerticalcompanyclickedEntityId1021771idx2-1-2tarId1464195271196tasapenin"]}]}},"taxonomy_info":[],"featured_image_src_large":false,"author_info":{"display_name":"marqueting","author_link":"https:\/\/www.apen.es\/ca\/blog\/author\/marqueting\/"},"comment_info":0,"_links":{"self":[{"href":"https:\/\/www.apen.es\/ca\/wp-json\/wp\/v2\/pages\/10660","targetHints":{"allow":["GET"]}}],"collection":[{"href":"https:\/\/www.apen.es\/ca\/wp-json\/wp\/v2\/pages"}],"about":[{"href":"https:\/\/www.apen.es\/ca\/wp-json\/wp\/v2\/types\/page"}],"author":[{"embeddable":true,"href":"https:\/\/www.apen.es\/ca\/wp-json\/wp\/v2\/users\/4"}],"replies":[{"embeddable":true,"href":"https:\/\/www.apen.es\/ca\/wp-json\/wp\/v2\/comments?post=10660"}],"version-history":[{"count":1,"href":"https:\/\/www.apen.es\/ca\/wp-json\/wp\/v2\/pages\/10660\/revisions"}],"predecessor-version":[{"id":55863,"href":"https:\/\/www.apen.es\/ca\/wp-json\/wp\/v2\/pages\/10660\/revisions\/55863"}],"up":[{"embeddable":true,"href":"https:\/\/www.apen.es\/ca\/wp-json\/wp\/v2\/pages\/10551"}],"wp:attachment":[{"href":"https:\/\/www.apen.es\/ca\/wp-json\/wp\/v2\/media?parent=10660"}],"curies":[{"name":"wp","href":"https:\/\/api.w.org\/{rel}","templated":true}]}}