{"id":10606,"date":"2018-07-10T14:59:27","date_gmt":"2018-07-10T14:59:27","guid":{"rendered":"https:\/\/www.apen.es\/?page_id=10606"},"modified":"2025-10-02T11:59:36","modified_gmt":"2025-10-02T11:59:36","slug":"gracias-por-contactar-con-nosotros","status":"publish","type":"page","link":"https:\/\/www.apen.es\/ca\/gracias-por-contactar-con-nosotros\/","title":{"rendered":"Gr\u00e0cies per contactar amb nosaltres"},"content":{"rendered":"<style>.kb-row-layout-id10606_d33759-3a > .kt-row-column-wrap{align-content:start;}:where(.kb-row-layout-id10606_d33759-3a > .kt-row-column-wrap) > .wp-block-kadence-column{justify-content:start;}.kb-row-layout-id10606_d33759-3a > .kt-row-column-wrap{column-gap:var(--global-kb-gap-md, 2rem);row-gap:var(--global-kb-gap-md, 2rem);max-width:1400px;margin-left:auto;margin-right:auto;padding-top:100px;padding-right:40px;padding-bottom:100px;padding-left:40px;grid-template-columns:minmax(0, 1fr);}.kb-row-layout-id10606_d33759-3a > .kt-row-layout-overlay{opacity:0.30;}@media all and (max-width: 1024px){.kb-row-layout-id10606_d33759-3a > .kt-row-column-wrap{grid-template-columns:minmax(0, 1fr);}}@media all and (max-width: 767px){.kb-row-layout-id10606_d33759-3a > .kt-row-column-wrap{grid-template-columns:minmax(0, 1fr);}}<\/style><div class=\"kb-row-layout-wrap kb-row-layout-id10606_d33759-3a alignnone wp-block-kadence-rowlayout\"><div class=\"kt-row-column-wrap kt-has-1-columns kt-row-layout-equal kt-tab-layout-inherit kt-mobile-layout-row kt-row-valign-top\">\n<style>.kadence-column10606_2b7da0-86 > .kt-inside-inner-col,.kadence-column10606_2b7da0-86 > .kt-inside-inner-col:before{border-top-left-radius:0px;border-top-right-radius:0px;border-bottom-right-radius:0px;border-bottom-left-radius:0px;}.kadence-column10606_2b7da0-86 > .kt-inside-inner-col{column-gap:var(--global-kb-gap-sm, 1rem);}.kadence-column10606_2b7da0-86 > .kt-inside-inner-col{flex-direction:column;}.kadence-column10606_2b7da0-86 > .kt-inside-inner-col > .aligncenter{width:100%;}.kadence-column10606_2b7da0-86 > .kt-inside-inner-col:before{opacity:0.3;}.kadence-column10606_2b7da0-86{position:relative;}@media all and (max-width: 1024px){.kadence-column10606_2b7da0-86 > .kt-inside-inner-col{flex-direction:column;justify-content:center;}}@media all and (max-width: 767px){.kadence-column10606_2b7da0-86 > .kt-inside-inner-col{flex-direction:column;justify-content:center;}}<\/style>\n<div class=\"wp-block-kadence-column kadence-column10606_2b7da0-86\" data-aos=\"fade\"><div class=\"kt-inside-inner-col\"><style>.wp-block-kadence-advancedheading.kt-adv-heading10606_8f4ca6-63, .wp-block-kadence-advancedheading.kt-adv-heading10606_8f4ca6-63[data-kb-block=\"kb-adv-heading10606_8f4ca6-63\"]{margin-bottom:20px;text-align:center;font-size:70px;font-style:normal;}.wp-block-kadence-advancedheading.kt-adv-heading10606_8f4ca6-63 mark.kt-highlight, .wp-block-kadence-advancedheading.kt-adv-heading10606_8f4ca6-63[data-kb-block=\"kb-adv-heading10606_8f4ca6-63\"] mark.kt-highlight{font-style:normal;color:#f76a0c;-webkit-box-decoration-break:clone;box-decoration-break:clone;padding-top:0px;padding-right:0px;padding-bottom:0px;padding-left:0px;}.wp-block-kadence-advancedheading.kt-adv-heading10606_8f4ca6-63 img.kb-inline-image, .wp-block-kadence-advancedheading.kt-adv-heading10606_8f4ca6-63[data-kb-block=\"kb-adv-heading10606_8f4ca6-63\"] img.kb-inline-image{width:150px;vertical-align:baseline;}@media all and (max-width: 1024px){.wp-block-kadence-advancedheading.kt-adv-heading10606_8f4ca6-63, .wp-block-kadence-advancedheading.kt-adv-heading10606_8f4ca6-63[data-kb-block=\"kb-adv-heading10606_8f4ca6-63\"]{font-size:40px;}}@media all and (max-width: 767px){.wp-block-kadence-advancedheading.kt-adv-heading10606_8f4ca6-63, .wp-block-kadence-advancedheading.kt-adv-heading10606_8f4ca6-63[data-kb-block=\"kb-adv-heading10606_8f4ca6-63\"]{font-size:32px;}}<\/style>\n<h2 class=\"kt-adv-heading10606_8f4ca6-63 title-xxl wp-block-kadence-advancedheading\" data-kb-block=\"kb-adv-heading10606_8f4ca6-63\">Gracias por contactar con nosotros <\/h2>\n\n\n<style>.wp-block-kadence-advancedheading.kt-adv-heading10606_68d719-71, .wp-block-kadence-advancedheading.kt-adv-heading10606_68d719-71[data-kb-block=\"kb-adv-heading10606_68d719-71\"]{text-align:center;font-style:normal;}.wp-block-kadence-advancedheading.kt-adv-heading10606_68d719-71 mark.kt-highlight, .wp-block-kadence-advancedheading.kt-adv-heading10606_68d719-71[data-kb-block=\"kb-adv-heading10606_68d719-71\"] mark.kt-highlight{font-style:normal;color:#f76a0c;-webkit-box-decoration-break:clone;box-decoration-break:clone;padding-top:0px;padding-right:0px;padding-bottom:0px;padding-left:0px;}.wp-block-kadence-advancedheading.kt-adv-heading10606_68d719-71 img.kb-inline-image, .wp-block-kadence-advancedheading.kt-adv-heading10606_68d719-71[data-kb-block=\"kb-adv-heading10606_68d719-71\"] img.kb-inline-image{width:150px;vertical-align:baseline;}<\/style>\n<p class=\"kt-adv-heading10606_68d719-71 title-md wp-block-kadence-advancedheading\" data-kb-block=\"kb-adv-heading10606_68d719-71\">Responderemos tu mensaje en el menor tiempo posible.<\/p>\n<\/div><\/div>\n\n<\/div><\/div>","protected":false},"excerpt":{"rendered":"<p>Gracias por contactar con nosotros Responderemos tu mensaje en el menor tiempo posible.<\/p>","protected":false},"author":4,"featured_media":0,"parent":0,"menu_order":0,"comment_status":"closed","ping_status":"closed","template":"","meta":{"_acf_changed":false,"_kad_blocks_custom_css":"","_kad_blocks_head_custom_js":"","_kad_blocks_body_custom_js":"","_kad_blocks_footer_custom_js":"","_kad_post_transparent":"","_kad_post_title":"","_kad_post_layout":"","_kad_post_sidebar_id":"","_kad_post_content_style":"","_kad_post_vertical_padding":"","_kad_post_feature":"","_kad_post_feature_position":"","_kad_post_header":false,"_kad_post_footer":false,"_kad_post_classname":"","footnotes":""},"class_list":["post-10606","page","type-page","status-publish","hentry"],"acf":[],"yoast_head":"<!-- This site is optimized with the Yoast SEO plugin v27.4 - https:\/\/yoast.com\/product\/yoast-seo-wordpress\/ -->\n<title>Gracias por contactar con nosotros - Apen Inform\u00e1tica<\/title>\n<meta name=\"description\" content=\"Gracias por contactar con nosotros   Responderemos tu mensaje en el menor tiempo posible.\" \/>\n<meta name=\"robots\" content=\"index, follow, max-snippet:-1, max-image-preview:large, max-video-preview:-1\" \/>\n<link rel=\"canonical\" href=\"https:\/\/www.apen.es\/ca\/gracias-por-contactar-con-nosotros\/\" \/>\n<meta property=\"og:locale\" content=\"ca_ES\" \/>\n<meta property=\"og:type\" content=\"article\" \/>\n<meta property=\"og:title\" content=\"Gracias por contactar con nosotros - Apen Inform\u00e1tica\" \/>\n<meta property=\"og:description\" content=\"Gracias por contactar con nosotros   Responderemos tu mensaje en el menor tiempo posible.\" \/>\n<meta property=\"og:url\" content=\"https:\/\/www.apen.es\/ca\/gracias-por-contactar-con-nosotros\/\" \/>\n<meta property=\"og:site_name\" content=\"Apen Inform\u00e1tica\" \/>\n<meta property=\"article:publisher\" content=\"https:\/\/www.facebook.com\/apensolucions\" \/>\n<meta property=\"article:modified_time\" content=\"2025-10-02T11:59:36+00:00\" \/>\n<meta property=\"og:image\" content=\"https:\/\/www.apen.es\/wp-content\/uploads\/2016\/05\/logo-apen-231x82-trasparent.png\" \/>\n\t<meta property=\"og:image:width\" content=\"231\" \/>\n\t<meta property=\"og:image:height\" content=\"82\" \/>\n\t<meta property=\"og:image:type\" content=\"image\/png\" \/>\n<meta name=\"twitter:card\" content=\"summary_large_image\" \/>\n<script type=\"application\/ld+json\" class=\"yoast-schema-graph\">{\"@context\":\"https:\\\/\\\/schema.org\",\"@graph\":[{\"@type\":\"WebPage\",\"@id\":\"https:\\\/\\\/www.apen.es\\\/gracias-por-contactar-con-nosotros\\\/\",\"url\":\"https:\\\/\\\/www.apen.es\\\/gracias-por-contactar-con-nosotros\\\/\",\"name\":\"Gracias por contactar con nosotros - Apen Inform\u00e1tica\",\"isPartOf\":{\"@id\":\"https:\\\/\\\/www.apen.es\\\/#website\"},\"datePublished\":\"2018-07-10T14:59:27+00:00\",\"dateModified\":\"2025-10-02T11:59:36+00:00\",\"description\":\"Gracias por contactar con nosotros Responderemos tu mensaje en el menor tiempo posible.\",\"breadcrumb\":{\"@id\":\"https:\\\/\\\/www.apen.es\\\/gracias-por-contactar-con-nosotros\\\/#breadcrumb\"},\"inLanguage\":\"ca\",\"potentialAction\":[{\"@type\":\"ReadAction\",\"target\":[\"https:\\\/\\\/www.apen.es\\\/gracias-por-contactar-con-nosotros\\\/\"]}]},{\"@type\":\"BreadcrumbList\",\"@id\":\"https:\\\/\\\/www.apen.es\\\/gracias-por-contactar-con-nosotros\\\/#breadcrumb\",\"itemListElement\":[{\"@type\":\"ListItem\",\"position\":1,\"name\":\"Portada\",\"item\":\"https:\\\/\\\/www.apen.es\\\/\"},{\"@type\":\"ListItem\",\"position\":2,\"name\":\"Gracias por contactar con nosotros\"}]},{\"@type\":\"WebSite\",\"@id\":\"https:\\\/\\\/www.apen.es\\\/#website\",\"url\":\"https:\\\/\\\/www.apen.es\\\/\",\"name\":\"Apen Inform\u00e1tica\",\"description\":\"Mantenimiento Inform\u00e1tico , Software de Gesti\u00f3n, Soluciones de impresi\u00f3n\",\"publisher\":{\"@id\":\"https:\\\/\\\/www.apen.es\\\/#organization\"},\"potentialAction\":[{\"@type\":\"SearchAction\",\"target\":{\"@type\":\"EntryPoint\",\"urlTemplate\":\"https:\\\/\\\/www.apen.es\\\/?s={search_term_string}\"},\"query-input\":{\"@type\":\"PropertyValueSpecification\",\"valueRequired\":true,\"valueName\":\"search_term_string\"}}],\"inLanguage\":\"ca\"},{\"@type\":\"Organization\",\"@id\":\"https:\\\/\\\/www.apen.es\\\/#organization\",\"name\":\"Apen: Soluciones inform\u00e1ticas\",\"url\":\"https:\\\/\\\/www.apen.es\\\/\",\"logo\":{\"@type\":\"ImageObject\",\"inLanguage\":\"ca\",\"@id\":\"https:\\\/\\\/www.apen.es\\\/#\\\/schema\\\/logo\\\/image\\\/\",\"url\":\"https:\\\/\\\/www.apen.es\\\/wp-content\\\/uploads\\\/2022\\\/08\\\/logo-apenok-231x82-1.png\",\"contentUrl\":\"https:\\\/\\\/www.apen.es\\\/wp-content\\\/uploads\\\/2022\\\/08\\\/logo-apenok-231x82-1.png\",\"width\":231,\"height\":82,\"caption\":\"Apen: Soluciones inform\u00e1ticas\"},\"image\":{\"@id\":\"https:\\\/\\\/www.apen.es\\\/#\\\/schema\\\/logo\\\/image\\\/\"},\"sameAs\":[\"https:\\\/\\\/www.facebook.com\\\/apensolucions\",\"https:\\\/\\\/www.youtube.com\\\/user\\\/ApenCentreInformatic\",\"https:\\\/\\\/www.linkedin.com\\\/company\\\/1021771?trk=tyah&trkInfo=clickedVerticalcompanyclickedEntityId1021771idx2-1-2tarId1464195271196tasapenin\"]}]}<\/script>\n<!-- \/ Yoast SEO plugin. -->","yoast_head_json":{"title":"Gracias por contactar con nosotros - Apen Inform\u00e1tica","description":"Gracias por contactar con nosotros   Responderemos tu mensaje en el menor tiempo posible.","robots":{"index":"index","follow":"follow","max-snippet":"max-snippet:-1","max-image-preview":"max-image-preview:large","max-video-preview":"max-video-preview:-1"},"canonical":"https:\/\/www.apen.es\/ca\/gracias-por-contactar-con-nosotros\/","og_locale":"ca_ES","og_type":"article","og_title":"Gracias por contactar con nosotros - Apen Inform\u00e1tica","og_description":"Gracias por contactar con nosotros   Responderemos tu mensaje en el menor tiempo posible.","og_url":"https:\/\/www.apen.es\/ca\/gracias-por-contactar-con-nosotros\/","og_site_name":"Apen Inform\u00e1tica","article_publisher":"https:\/\/www.facebook.com\/apensolucions","article_modified_time":"2025-10-02T11:59:36+00:00","og_image":[{"width":231,"height":82,"url":"https:\/\/www.apen.es\/wp-content\/uploads\/2016\/05\/logo-apen-231x82-trasparent.png","type":"image\/png"}],"twitter_card":"summary_large_image","schema":{"@context":"https:\/\/schema.org","@graph":[{"@type":"WebPage","@id":"https:\/\/www.apen.es\/gracias-por-contactar-con-nosotros\/","url":"https:\/\/www.apen.es\/gracias-por-contactar-con-nosotros\/","name":"Gracias por contactar con nosotros - Apen Inform\u00e1tica","isPartOf":{"@id":"https:\/\/www.apen.es\/#website"},"datePublished":"2018-07-10T14:59:27+00:00","dateModified":"2025-10-02T11:59:36+00:00","description":"Gracias por contactar con nosotros Responderemos tu mensaje en el menor tiempo posible.","breadcrumb":{"@id":"https:\/\/www.apen.es\/gracias-por-contactar-con-nosotros\/#breadcrumb"},"inLanguage":"ca","potentialAction":[{"@type":"ReadAction","target":["https:\/\/www.apen.es\/gracias-por-contactar-con-nosotros\/"]}]},{"@type":"BreadcrumbList","@id":"https:\/\/www.apen.es\/gracias-por-contactar-con-nosotros\/#breadcrumb","itemListElement":[{"@type":"ListItem","position":1,"name":"Portada","item":"https:\/\/www.apen.es\/"},{"@type":"ListItem","position":2,"name":"Gracias por contactar con nosotros"}]},{"@type":"WebSite","@id":"https:\/\/www.apen.es\/#website","url":"https:\/\/www.apen.es\/","name":"Apen Inform\u00e0tica","description":"Manteniment inform\u00e0tic , programari de gesti\u00f3, solucions d&#039;impressi\u00f3","publisher":{"@id":"https:\/\/www.apen.es\/#organization"},"potentialAction":[{"@type":"SearchAction","target":{"@type":"EntryPoint","urlTemplate":"https:\/\/www.apen.es\/?s={search_term_string}"},"query-input":{"@type":"PropertyValueSpecification","valueRequired":true,"valueName":"search_term_string"}}],"inLanguage":"ca"},{"@type":"Organization","@id":"https:\/\/www.apen.es\/#organization","name":"Apen: Solucions inform\u00e0tiques","url":"https:\/\/www.apen.es\/","logo":{"@type":"ImageObject","inLanguage":"ca","@id":"https:\/\/www.apen.es\/#\/schema\/logo\/image\/","url":"https:\/\/www.apen.es\/wp-content\/uploads\/2022\/08\/logo-apenok-231x82-1.png","contentUrl":"https:\/\/www.apen.es\/wp-content\/uploads\/2022\/08\/logo-apenok-231x82-1.png","width":231,"height":82,"caption":"Apen: Soluciones inform\u00e1ticas"},"image":{"@id":"https:\/\/www.apen.es\/#\/schema\/logo\/image\/"},"sameAs":["https:\/\/www.facebook.com\/apensolucions","https:\/\/www.youtube.com\/user\/ApenCentreInformatic","https:\/\/www.linkedin.com\/company\/1021771?trk=tyah&trkInfo=clickedVerticalcompanyclickedEntityId1021771idx2-1-2tarId1464195271196tasapenin"]}]}},"taxonomy_info":[],"featured_image_src_large":false,"author_info":{"display_name":"marqueting","author_link":"https:\/\/www.apen.es\/ca\/blog\/author\/marqueting\/"},"comment_info":0,"_links":{"self":[{"href":"https:\/\/www.apen.es\/ca\/wp-json\/wp\/v2\/pages\/10606","targetHints":{"allow":["GET"]}}],"collection":[{"href":"https:\/\/www.apen.es\/ca\/wp-json\/wp\/v2\/pages"}],"about":[{"href":"https:\/\/www.apen.es\/ca\/wp-json\/wp\/v2\/types\/page"}],"author":[{"embeddable":true,"href":"https:\/\/www.apen.es\/ca\/wp-json\/wp\/v2\/users\/4"}],"replies":[{"embeddable":true,"href":"https:\/\/www.apen.es\/ca\/wp-json\/wp\/v2\/comments?post=10606"}],"version-history":[{"count":4,"href":"https:\/\/www.apen.es\/ca\/wp-json\/wp\/v2\/pages\/10606\/revisions"}],"predecessor-version":[{"id":60645,"href":"https:\/\/www.apen.es\/ca\/wp-json\/wp\/v2\/pages\/10606\/revisions\/60645"}],"wp:attachment":[{"href":"https:\/\/www.apen.es\/ca\/wp-json\/wp\/v2\/media?parent=10606"}],"curies":[{"name":"wp","href":"https:\/\/api.w.org\/{rel}","templated":true}]}}