{"id":10504,"date":"2018-06-25T06:23:14","date_gmt":"2018-06-25T06:23:14","guid":{"rendered":"https:\/\/www.apen.es\/?page_id=10504"},"modified":"2025-06-27T07:50:53","modified_gmt":"2025-06-27T07:50:53","slug":"programa-de-nominas","status":"publish","type":"page","link":"https:\/\/www.apen.es\/ca\/nomina-cloud\/programa-de-nominas\/","title":{"rendered":"Programa de N\u00f2mines"},"content":{"rendered":"<p>Apen, som una empresa que sempre volem oferir els millors productes i serveis relacionats amb manteniment inform\u00e0tic, solucions Cloud, c\u00f2pies de seguretat, programari de gesti\u00f3, programes de n\u00f2mines i solucions d&#039;impressi\u00f3 a tots els nostres clients. Per\u00f2 per poder oferir els millors resultats i que tots ells quedin satisfets, cal que comptem amb empreses que siguin l\u00edders, i que garanteixin una certa qualitat.<\/p>\n\n\n\n<p>Per aquesta senzilla ra\u00f3 a Apen sempre comptem amb els productes i serveis de l&#039;empresa, Wolters Kluwer, que ofereixen solucions intel\u00b7ligents i molt f\u00e0cils d&#039;utilitzar, amb la finalitat principal de crear negocis que siguin m\u00e9s competitius. Per aix\u00f2 ofereixen serveis com ara l&#039;a3n\u00f2mina cloud, que \u00e9s un <strong>programa de<\/strong> <strong>n\u00f2mines<\/strong> per a empreses.<\/p>\n\n\n\n<p>L&#039;a3n\u00f2mina cloud, no \u00e9s <a href=\"\/ca\/nomina-cloud\/\"><strong>programa de n\u00f2mines<\/strong><\/a> qualsevol, sin\u00f3 que a m\u00e9s de n\u00f2mines, altes, baixes, bestretes, pagues extres, assegurances socials, IRPF i altres c\u00e0lculs massius, tamb\u00e9 ofereix una gran quantitat de beneficis i de funcionalitats, com ara un simulador de costos i de liquidacions amb el qual pots visualitzar els costos de contractaci\u00f3 d&#039;un empleat o veure la finalitzaci\u00f3 de la relaci\u00f3 laboral per exemple.<\/p>\n\n\n\n<p>Aquest <strong>programa de n\u00f2mines<\/strong>, a3n\u00f2mina cloud, inclou una aplicaci\u00f3 que facilita a tots els empleats l&#039;acc\u00e9s a la documentaci\u00f3 laboral i la sol\u00b7licitud de permisos retribu\u00efts. Sempre sense posar en risc cap tipus de dada, ja que el <strong>programa de<\/strong> <strong>n\u00f2mines<\/strong> t\u00e9 un sistema que garanteix la m\u00e0xima seguretat, ja que tota la informaci\u00f3 que \u00e9s confidencial, queda emmagatzemada a Data Center de m\u00e0xima seguretat, el qual va generant de forma peri\u00f2dica c\u00f2pies de seguretat autom\u00e0ticament.<\/p>\n\n\n\n<p>Tots aquests serveis que ofereix contractar aquest <strong>programa de n\u00f2mines<\/strong> t\u00e9 una gran quantitat de beneficis i d&#039;avantatges que ajudaran que la vostra empresa creixi i tingui millors resultats, com per exemple un dels principals avantatges \u00e9s que gr\u00e0cies al <strong>programa de n\u00f2mines<\/strong> sempre podrem estar al dia amb l&#039;admissi\u00f3, com per exemple amb les actualitzacions legals autom\u00e0tiques, amb la finalitat que l&#039;empresa sempre estigui actualitzada i al dia de tot all\u00f2 que engloba el nivell normatiu.<\/p>\n\n\n\n<p>L&#039;efici\u00e8ncia en els processos de gesti\u00f3, \u00e9s un altre dels grans avantatges de contractar aquest <a href=\"\/ca\/nomina-cloud\/\"><strong>programa de n\u00f2mines<\/strong><\/a>, ja que s&#039;encarrega d&#039;automatitzar el c\u00e0lcul de n\u00f2mines, de l&#039;IRPF i molt m\u00e9s, aix\u00ed es podran gestionar la vida laboral dels treballadors, els absentismes i IT&#039;s i tamb\u00e9 es podran generar els models 111 i 190 d&#039;IRPF per presentar a Hisenda.<\/p>\n\n\n\n<p>Per tant podem dir que a3n\u00f2mina cloud, \u00e9s un dels millors <strong>programa de<\/strong> <strong>n\u00f2mines<\/strong>, ja que permet gestionar les n\u00f2mines d&#039;una forma molt senzilla i r\u00e0pida ia m\u00e9s a m\u00e9s t\u00e9 una gran quantitat de complements per fer-la \u00fanica i imprescindible per al teu negoci.<\/p>","protected":false},"excerpt":{"rendered":"<p>Apen, somos una empresa que siempre queremos ofrecer los mejores productos y servicios relacionados con el mantenimiento inform\u00e1tico, soluciones Cloud, copias de seguridad, software de gesti\u00f3n, programas de n\u00f3minas y soluciones de impresi\u00f3n a todos nuestros clientes. Pero para poder ofrecer los mejores resultados y que todos ellos queden satisfechos, es necesario que contemos con&#8230;<\/p>","protected":false},"author":4,"featured_media":0,"parent":10270,"menu_order":0,"comment_status":"closed","ping_status":"closed","template":"page-landing-software.php","meta":{"_acf_changed":false,"_kad_blocks_custom_css":"","_kad_blocks_head_custom_js":"","_kad_blocks_body_custom_js":"","_kad_blocks_footer_custom_js":"","_kad_post_transparent":"","_kad_post_title":"","_kad_post_layout":"","_kad_post_sidebar_id":"","_kad_post_content_style":"","_kad_post_vertical_padding":"","_kad_post_feature":"","_kad_post_feature_position":"","_kad_post_header":false,"_kad_post_footer":false,"_kad_post_classname":"","footnotes":""},"class_list":["post-10504","page","type-page","status-publish","hentry"],"acf":[],"yoast_head":"<!-- This site is optimized with the Yoast SEO plugin v27.4 - https:\/\/yoast.com\/product\/yoast-seo-wordpress\/ -->\n<title>Programa de N\u00f3minas - Apen Inform\u00e1tica<\/title>\n<meta name=\"description\" content=\"Programa de n\u00f3minas: a3n\u00f3mina cloud. El software para documentaci\u00f3n laboral y gesti\u00f3n de n\u00f3minas. L\u00edderes en Barcelona. Digitalizate con Apen.\" \/>\n<meta name=\"robots\" content=\"index, follow, max-snippet:-1, max-image-preview:large, max-video-preview:-1\" \/>\n<link rel=\"canonical\" href=\"https:\/\/www.apen.es\/ca\/nomina-cloud\/programa-de-nominas\/\" \/>\n<meta property=\"og:locale\" content=\"ca_ES\" \/>\n<meta property=\"og:type\" content=\"article\" \/>\n<meta property=\"og:title\" content=\"Programa de N\u00f3minas - Apen Inform\u00e1tica\" \/>\n<meta property=\"og:description\" content=\"Programa de n\u00f3minas: a3n\u00f3mina cloud. El software para documentaci\u00f3n laboral y gesti\u00f3n de n\u00f3minas. L\u00edderes en Barcelona. Digitalizate con Apen.\" \/>\n<meta property=\"og:url\" content=\"https:\/\/www.apen.es\/ca\/nomina-cloud\/programa-de-nominas\/\" \/>\n<meta property=\"og:site_name\" content=\"Apen Inform\u00e1tica\" \/>\n<meta property=\"article:publisher\" content=\"https:\/\/www.facebook.com\/apensolucions\" \/>\n<meta property=\"article:modified_time\" content=\"2025-06-27T07:50:53+00:00\" \/>\n<meta property=\"og:image\" content=\"https:\/\/www.apen.es\/wp-content\/uploads\/2016\/05\/logo-apen-231x82-trasparent.png\" \/>\n\t<meta property=\"og:image:width\" content=\"231\" \/>\n\t<meta property=\"og:image:height\" content=\"82\" \/>\n\t<meta property=\"og:image:type\" content=\"image\/png\" \/>\n<meta name=\"twitter:card\" content=\"summary_large_image\" \/>\n<meta name=\"twitter:label1\" content=\"Temps estimat de lectura\" \/>\n\t<meta name=\"twitter:data1\" content=\"5 minuts\" \/>\n<script type=\"application\/ld+json\" class=\"yoast-schema-graph\">{\"@context\":\"https:\\\/\\\/schema.org\",\"@graph\":[{\"@type\":\"WebPage\",\"@id\":\"https:\\\/\\\/www.apen.es\\\/nomina-cloud\\\/programa-de-nominas\\\/\",\"url\":\"https:\\\/\\\/www.apen.es\\\/nomina-cloud\\\/programa-de-nominas\\\/\",\"name\":\"Programa de N\u00f3minas - Apen Inform\u00e1tica\",\"isPartOf\":{\"@id\":\"https:\\\/\\\/www.apen.es\\\/#website\"},\"datePublished\":\"2018-06-25T06:23:14+00:00\",\"dateModified\":\"2025-06-27T07:50:53+00:00\",\"description\":\"Programa de n\u00f3minas: a3n\u00f3mina cloud. El software para documentaci\u00f3n laboral y gesti\u00f3n de n\u00f3minas. L\u00edderes en Barcelona. Digitalizate con Apen.\",\"breadcrumb\":{\"@id\":\"https:\\\/\\\/www.apen.es\\\/nomina-cloud\\\/programa-de-nominas\\\/#breadcrumb\"},\"inLanguage\":\"ca\",\"potentialAction\":[{\"@type\":\"ReadAction\",\"target\":[\"https:\\\/\\\/www.apen.es\\\/nomina-cloud\\\/programa-de-nominas\\\/\"]}]},{\"@type\":\"BreadcrumbList\",\"@id\":\"https:\\\/\\\/www.apen.es\\\/nomina-cloud\\\/programa-de-nominas\\\/#breadcrumb\",\"itemListElement\":[{\"@type\":\"ListItem\",\"position\":1,\"name\":\"Portada\",\"item\":\"https:\\\/\\\/www.apen.es\\\/\"},{\"@type\":\"ListItem\",\"position\":2,\"name\":\"Nomina Cloud\",\"item\":\"https:\\\/\\\/www.apen.es\\\/nomina-cloud\\\/\"},{\"@type\":\"ListItem\",\"position\":3,\"name\":\"Programa de N\u00f3minas\"}]},{\"@type\":\"WebSite\",\"@id\":\"https:\\\/\\\/www.apen.es\\\/#website\",\"url\":\"https:\\\/\\\/www.apen.es\\\/\",\"name\":\"Apen Inform\u00e1tica\",\"description\":\"Mantenimiento Inform\u00e1tico , Software de Gesti\u00f3n, Soluciones de impresi\u00f3n\",\"publisher\":{\"@id\":\"https:\\\/\\\/www.apen.es\\\/#organization\"},\"potentialAction\":[{\"@type\":\"SearchAction\",\"target\":{\"@type\":\"EntryPoint\",\"urlTemplate\":\"https:\\\/\\\/www.apen.es\\\/?s={search_term_string}\"},\"query-input\":{\"@type\":\"PropertyValueSpecification\",\"valueRequired\":true,\"valueName\":\"search_term_string\"}}],\"inLanguage\":\"ca\"},{\"@type\":\"Organization\",\"@id\":\"https:\\\/\\\/www.apen.es\\\/#organization\",\"name\":\"Apen: Soluciones inform\u00e1ticas\",\"url\":\"https:\\\/\\\/www.apen.es\\\/\",\"logo\":{\"@type\":\"ImageObject\",\"inLanguage\":\"ca\",\"@id\":\"https:\\\/\\\/www.apen.es\\\/#\\\/schema\\\/logo\\\/image\\\/\",\"url\":\"https:\\\/\\\/www.apen.es\\\/wp-content\\\/uploads\\\/2022\\\/08\\\/logo-apenok-231x82-1.png\",\"contentUrl\":\"https:\\\/\\\/www.apen.es\\\/wp-content\\\/uploads\\\/2022\\\/08\\\/logo-apenok-231x82-1.png\",\"width\":231,\"height\":82,\"caption\":\"Apen: Soluciones inform\u00e1ticas\"},\"image\":{\"@id\":\"https:\\\/\\\/www.apen.es\\\/#\\\/schema\\\/logo\\\/image\\\/\"},\"sameAs\":[\"https:\\\/\\\/www.facebook.com\\\/apensolucions\",\"https:\\\/\\\/www.youtube.com\\\/user\\\/ApenCentreInformatic\",\"https:\\\/\\\/www.linkedin.com\\\/company\\\/1021771?trk=tyah&trkInfo=clickedVerticalcompanyclickedEntityId1021771idx2-1-2tarId1464195271196tasapenin\"]}]}<\/script>\n<!-- \/ Yoast SEO plugin. -->","yoast_head_json":{"title":"Programa de N\u00f3minas - Apen Inform\u00e1tica","description":"Programa de n\u00f3minas: a3n\u00f3mina cloud. El software para documentaci\u00f3n laboral y gesti\u00f3n de n\u00f3minas. L\u00edderes en Barcelona. Digitalizate con Apen.","robots":{"index":"index","follow":"follow","max-snippet":"max-snippet:-1","max-image-preview":"max-image-preview:large","max-video-preview":"max-video-preview:-1"},"canonical":"https:\/\/www.apen.es\/ca\/nomina-cloud\/programa-de-nominas\/","og_locale":"ca_ES","og_type":"article","og_title":"Programa de N\u00f3minas - Apen Inform\u00e1tica","og_description":"Programa de n\u00f3minas: a3n\u00f3mina cloud. El software para documentaci\u00f3n laboral y gesti\u00f3n de n\u00f3minas. L\u00edderes en Barcelona. Digitalizate con Apen.","og_url":"https:\/\/www.apen.es\/ca\/nomina-cloud\/programa-de-nominas\/","og_site_name":"Apen Inform\u00e1tica","article_publisher":"https:\/\/www.facebook.com\/apensolucions","article_modified_time":"2025-06-27T07:50:53+00:00","og_image":[{"width":231,"height":82,"url":"https:\/\/www.apen.es\/wp-content\/uploads\/2016\/05\/logo-apen-231x82-trasparent.png","type":"image\/png"}],"twitter_card":"summary_large_image","twitter_misc":{"Temps estimat de lectura":"5 minuts"},"schema":{"@context":"https:\/\/schema.org","@graph":[{"@type":"WebPage","@id":"https:\/\/www.apen.es\/nomina-cloud\/programa-de-nominas\/","url":"https:\/\/www.apen.es\/nomina-cloud\/programa-de-nominas\/","name":"Programa de N\u00f3minas - Apen Inform\u00e1tica","isPartOf":{"@id":"https:\/\/www.apen.es\/#website"},"datePublished":"2018-06-25T06:23:14+00:00","dateModified":"2025-06-27T07:50:53+00:00","description":"Programa de n\u00f3minas: a3n\u00f3mina cloud. El software para documentaci\u00f3n laboral y gesti\u00f3n de n\u00f3minas. L\u00edderes en Barcelona. Digitalizate con Apen.","breadcrumb":{"@id":"https:\/\/www.apen.es\/nomina-cloud\/programa-de-nominas\/#breadcrumb"},"inLanguage":"ca","potentialAction":[{"@type":"ReadAction","target":["https:\/\/www.apen.es\/nomina-cloud\/programa-de-nominas\/"]}]},{"@type":"BreadcrumbList","@id":"https:\/\/www.apen.es\/nomina-cloud\/programa-de-nominas\/#breadcrumb","itemListElement":[{"@type":"ListItem","position":1,"name":"Portada","item":"https:\/\/www.apen.es\/"},{"@type":"ListItem","position":2,"name":"Nomina Cloud","item":"https:\/\/www.apen.es\/nomina-cloud\/"},{"@type":"ListItem","position":3,"name":"Programa de N\u00f3minas"}]},{"@type":"WebSite","@id":"https:\/\/www.apen.es\/#website","url":"https:\/\/www.apen.es\/","name":"Apen Inform\u00e0tica","description":"Manteniment inform\u00e0tic , programari de gesti\u00f3, solucions d&#039;impressi\u00f3","publisher":{"@id":"https:\/\/www.apen.es\/#organization"},"potentialAction":[{"@type":"SearchAction","target":{"@type":"EntryPoint","urlTemplate":"https:\/\/www.apen.es\/?s={search_term_string}"},"query-input":{"@type":"PropertyValueSpecification","valueRequired":true,"valueName":"search_term_string"}}],"inLanguage":"ca"},{"@type":"Organization","@id":"https:\/\/www.apen.es\/#organization","name":"Apen: Solucions inform\u00e0tiques","url":"https:\/\/www.apen.es\/","logo":{"@type":"ImageObject","inLanguage":"ca","@id":"https:\/\/www.apen.es\/#\/schema\/logo\/image\/","url":"https:\/\/www.apen.es\/wp-content\/uploads\/2022\/08\/logo-apenok-231x82-1.png","contentUrl":"https:\/\/www.apen.es\/wp-content\/uploads\/2022\/08\/logo-apenok-231x82-1.png","width":231,"height":82,"caption":"Apen: Soluciones inform\u00e1ticas"},"image":{"@id":"https:\/\/www.apen.es\/#\/schema\/logo\/image\/"},"sameAs":["https:\/\/www.facebook.com\/apensolucions","https:\/\/www.youtube.com\/user\/ApenCentreInformatic","https:\/\/www.linkedin.com\/company\/1021771?trk=tyah&trkInfo=clickedVerticalcompanyclickedEntityId1021771idx2-1-2tarId1464195271196tasapenin"]}]}},"taxonomy_info":[],"featured_image_src_large":false,"author_info":{"display_name":"marqueting","author_link":"https:\/\/www.apen.es\/ca\/blog\/author\/marqueting\/"},"comment_info":0,"_links":{"self":[{"href":"https:\/\/www.apen.es\/ca\/wp-json\/wp\/v2\/pages\/10504","targetHints":{"allow":["GET"]}}],"collection":[{"href":"https:\/\/www.apen.es\/ca\/wp-json\/wp\/v2\/pages"}],"about":[{"href":"https:\/\/www.apen.es\/ca\/wp-json\/wp\/v2\/types\/page"}],"author":[{"embeddable":true,"href":"https:\/\/www.apen.es\/ca\/wp-json\/wp\/v2\/users\/4"}],"replies":[{"embeddable":true,"href":"https:\/\/www.apen.es\/ca\/wp-json\/wp\/v2\/comments?post=10504"}],"version-history":[{"count":2,"href":"https:\/\/www.apen.es\/ca\/wp-json\/wp\/v2\/pages\/10504\/revisions"}],"predecessor-version":[{"id":55668,"href":"https:\/\/www.apen.es\/ca\/wp-json\/wp\/v2\/pages\/10504\/revisions\/55668"}],"up":[{"embeddable":true,"href":"https:\/\/www.apen.es\/ca\/wp-json\/wp\/v2\/pages\/10270"}],"wp:attachment":[{"href":"https:\/\/www.apen.es\/ca\/wp-json\/wp\/v2\/media?parent=10504"}],"curies":[{"name":"wp","href":"https:\/\/api.w.org\/{rel}","templated":true}]}}