{"id":10502,"date":"2018-06-25T06:21:08","date_gmt":"2018-06-25T06:21:08","guid":{"rendered":"https:\/\/www.apen.es\/?page_id=10502"},"modified":"2025-06-27T07:52:47","modified_gmt":"2025-06-27T07:52:47","slug":"software-de-nominas","status":"publish","type":"page","link":"https:\/\/www.apen.es\/ca\/nomina-cloud\/software-de-nominas\/","title":{"rendered":"Programari de N\u00f2mines"},"content":{"rendered":"<p>Cada cop s\u00f3n m\u00e9s les empreses que automatitzen tot tipus de processos senzills per tal que els treballadors dediquin el seu temps a tasques i tasques realment importants per a l&#039;empresa. D&#039;aquesta manera, el <a href=\"\/ca\/nomina-cloud\/\"><strong>programari de n\u00f2mines<\/strong><\/a> a3n\u00f2mina cloud \u00e9s perfecte per gestionar tota mena de documentaci\u00f3 laboral i <strong>n\u00f2mines<\/strong>, independentment de l&#039;empresa i del sector a qu\u00e8 es dediqui.<\/p>\n\n\n\n<p>Un dels principals avantatges que ofereix aquest <strong>programari de n\u00f2mines<\/strong> \u00e9s que podeu accedir en tot moment a la documentaci\u00f3 laboral del vostre negoci. A m\u00e9s, el c\u00e0lcul de les n\u00f2mines, assegurances socials i IRPF es fan d&#039;una forma automatitzada a trav\u00e9s d&#039;aquest <strong>programari de n\u00f2mines<\/strong>. Tamb\u00e9 hi pot haver un Portal de l&#039;Empleat si l&#039;empresa aix\u00ed ho requereix. Cosa que ofereix innombrables beneficis tant per a l&#039;empresari com per a l&#039;empleat.<\/p>\n\n\n\n<p>Gr\u00e0cies a aquest <strong>programari de n\u00f2mines<\/strong>, podr\u00e0s gestionar la vida laboral, absentismes, imputaci\u00f3 de costos i moltes altres dades de cadascun dels teus treballadors. Aix\u00ed com simular els costos de contractaci\u00f3 i liquidaci\u00f3 per tal de prendre les decisions m\u00e9s adequades per al teu negoci.<\/p>\n\n\n\n<p>Les caracter\u00edstiques de qu\u00e8 disposa aquest <strong>programari de n\u00f2mines<\/strong> ajuda a obtenir m\u00e9s efici\u00e8ncia en tots els processos d&#039;aquest departament del teu negoci, aix\u00ed podr\u00e0s optimitzar molt m\u00e9s els teus recursos i treure el m\u00e0xim partit al teu equip de treballadors.<\/p>\n\n\n\n<p>D&#039;altra banda, la seguretat \u00e9s la clau d&#039;aquest <a href=\"\/ca\/nomina-cloud\/\"><strong>programari de n\u00f2mines<\/strong><\/a>, ja que disposa d&#039;actualitzacions legals autom\u00e0tiques, aix\u00ed com taules salarials i convenis. Aix\u00f2 t&#039;ajudar\u00e0 a portar les <strong>n\u00f2mines<\/strong> i totes les dades dels teus empleats molt m\u00e9s organitzat i sense riscos de cometre errors o errors indesitjats.<\/p>\n\n\n\n<p>El <strong>programari<\/strong> per <strong>n\u00f2mines<\/strong> a3n\u00f2mines cloud est\u00e0 pensat per a pimes. No requereix instal\u00b7laci\u00f3 ni manteniment. Aix\u00f2 \u00e9s perqu\u00e8 \u00e9s un programa realment f\u00e0cil d&#039;utilitzar i s&#039;adapta perfectament a qualsevol tipus d&#039;empresa o negoci, independentment del sector al qual es dediqui i del nombre d&#039;empleats que disposi.<\/p>\n\n\n\n<p>Podr\u00e0s tenir acc\u00e9s a tota la informaci\u00f3 que necessitis de manera segura i continuada, \u00e9s a dir, els 365 dies de l&#039;any i durant qualsevol dispositiu. A m\u00e9s, aquest <strong>programari de n\u00f2mines<\/strong> disposa de data center de m\u00e0xima seguretat aix\u00ed com de c\u00f2pies de seguretat autom\u00e0tiques. La qual cosa suposa uns grans avantatges per al teu negoci quant a estalvi de temps i de diners.<\/p>\n\n\n\n<p>Utilitzant un \u00fanic <strong>programari de n\u00f2mines<\/strong> podr\u00e0s arribar a controlar totalment aquest departament del teu negoci. Podr\u00e0s fer-ho des de qualsevol lloc i amb un marge derror gaireb\u00e9 inexistent. Tamb\u00e9 podr\u00e0s oblidar-te de tota mena de gestions i dades del teu negoci que s&#039;automatitzaran gr\u00e0cies a aquest <a href=\"\/ca\/nomina-cloud\/\"><strong>programari de n\u00f2mines<\/strong><\/a> totalment equipat.<\/p>","protected":false},"excerpt":{"rendered":"<p>Cada vez son m\u00e1s las empresas que automatizan todo tipo de procesos sencillos con tal de que los trabajadores dediquen su tiempo a tareas y labores realmente importantes para la empresa. De esta forma, el software de n\u00f3minas a3n\u00f3mina cloud es perfecto para gestionar todo tipo de documentaci\u00f3n laboral y n\u00f3minas, independientemente de la empresa&#8230;<\/p>","protected":false},"author":4,"featured_media":0,"parent":10270,"menu_order":0,"comment_status":"closed","ping_status":"closed","template":"page-landing-software.php","meta":{"_acf_changed":false,"_kad_blocks_custom_css":"","_kad_blocks_head_custom_js":"","_kad_blocks_body_custom_js":"","_kad_blocks_footer_custom_js":"","_kad_post_transparent":"","_kad_post_title":"","_kad_post_layout":"","_kad_post_sidebar_id":"","_kad_post_content_style":"","_kad_post_vertical_padding":"","_kad_post_feature":"","_kad_post_feature_position":"","_kad_post_header":false,"_kad_post_footer":false,"_kad_post_classname":"","footnotes":""},"class_list":["post-10502","page","type-page","status-publish","hentry"],"acf":[],"yoast_head":"<!-- This site is optimized with the Yoast SEO plugin v27.4 - https:\/\/yoast.com\/product\/yoast-seo-wordpress\/ -->\n<title>Software de N\u00f3minas - Apen Inform\u00e1tica<\/title>\n<meta name=\"description\" content=\"Software de n\u00f3minas: a3n\u00f3mina cloud. El software para documentaci\u00f3n laboral y gesti\u00f3n de n\u00f3minas. Ll\u00e1manos al 938 606 220 sin compromiso.\" \/>\n<meta name=\"robots\" content=\"index, follow, max-snippet:-1, max-image-preview:large, max-video-preview:-1\" \/>\n<link rel=\"canonical\" href=\"https:\/\/www.apen.es\/ca\/nomina-cloud\/software-de-nominas\/\" \/>\n<meta property=\"og:locale\" content=\"ca_ES\" \/>\n<meta property=\"og:type\" content=\"article\" \/>\n<meta property=\"og:title\" content=\"Software de N\u00f3minas - Apen Inform\u00e1tica\" \/>\n<meta property=\"og:description\" content=\"Software de n\u00f3minas: a3n\u00f3mina cloud. El software para documentaci\u00f3n laboral y gesti\u00f3n de n\u00f3minas. Ll\u00e1manos al 938 606 220 sin compromiso.\" \/>\n<meta property=\"og:url\" content=\"https:\/\/www.apen.es\/ca\/nomina-cloud\/software-de-nominas\/\" \/>\n<meta property=\"og:site_name\" content=\"Apen Inform\u00e1tica\" \/>\n<meta property=\"article:publisher\" content=\"https:\/\/www.facebook.com\/apensolucions\" \/>\n<meta property=\"article:modified_time\" content=\"2025-06-27T07:52:47+00:00\" \/>\n<meta property=\"og:image\" content=\"https:\/\/www.apen.es\/wp-content\/uploads\/2016\/05\/logo-apen-231x82-trasparent.png\" \/>\n\t<meta property=\"og:image:width\" content=\"231\" \/>\n\t<meta property=\"og:image:height\" content=\"82\" \/>\n\t<meta property=\"og:image:type\" content=\"image\/png\" \/>\n<meta name=\"twitter:card\" content=\"summary_large_image\" \/>\n<meta name=\"twitter:label1\" content=\"Temps estimat de lectura\" \/>\n\t<meta name=\"twitter:data1\" content=\"5 minuts\" \/>\n<script type=\"application\/ld+json\" class=\"yoast-schema-graph\">{\"@context\":\"https:\\\/\\\/schema.org\",\"@graph\":[{\"@type\":\"WebPage\",\"@id\":\"https:\\\/\\\/www.apen.es\\\/nomina-cloud\\\/software-de-nominas\\\/\",\"url\":\"https:\\\/\\\/www.apen.es\\\/nomina-cloud\\\/software-de-nominas\\\/\",\"name\":\"Software de N\u00f3minas - Apen Inform\u00e1tica\",\"isPartOf\":{\"@id\":\"https:\\\/\\\/www.apen.es\\\/#website\"},\"datePublished\":\"2018-06-25T06:21:08+00:00\",\"dateModified\":\"2025-06-27T07:52:47+00:00\",\"description\":\"Software de n\u00f3minas: a3n\u00f3mina cloud. El software para documentaci\u00f3n laboral y gesti\u00f3n de n\u00f3minas. Ll\u00e1manos al 938 606 220 sin compromiso.\",\"breadcrumb\":{\"@id\":\"https:\\\/\\\/www.apen.es\\\/nomina-cloud\\\/software-de-nominas\\\/#breadcrumb\"},\"inLanguage\":\"ca\",\"potentialAction\":[{\"@type\":\"ReadAction\",\"target\":[\"https:\\\/\\\/www.apen.es\\\/nomina-cloud\\\/software-de-nominas\\\/\"]}]},{\"@type\":\"BreadcrumbList\",\"@id\":\"https:\\\/\\\/www.apen.es\\\/nomina-cloud\\\/software-de-nominas\\\/#breadcrumb\",\"itemListElement\":[{\"@type\":\"ListItem\",\"position\":1,\"name\":\"Portada\",\"item\":\"https:\\\/\\\/www.apen.es\\\/\"},{\"@type\":\"ListItem\",\"position\":2,\"name\":\"Nomina Cloud\",\"item\":\"https:\\\/\\\/www.apen.es\\\/nomina-cloud\\\/\"},{\"@type\":\"ListItem\",\"position\":3,\"name\":\"Software de N\u00f3minas\"}]},{\"@type\":\"WebSite\",\"@id\":\"https:\\\/\\\/www.apen.es\\\/#website\",\"url\":\"https:\\\/\\\/www.apen.es\\\/\",\"name\":\"Apen Inform\u00e1tica\",\"description\":\"Mantenimiento Inform\u00e1tico , Software de Gesti\u00f3n, Soluciones de impresi\u00f3n\",\"publisher\":{\"@id\":\"https:\\\/\\\/www.apen.es\\\/#organization\"},\"potentialAction\":[{\"@type\":\"SearchAction\",\"target\":{\"@type\":\"EntryPoint\",\"urlTemplate\":\"https:\\\/\\\/www.apen.es\\\/?s={search_term_string}\"},\"query-input\":{\"@type\":\"PropertyValueSpecification\",\"valueRequired\":true,\"valueName\":\"search_term_string\"}}],\"inLanguage\":\"ca\"},{\"@type\":\"Organization\",\"@id\":\"https:\\\/\\\/www.apen.es\\\/#organization\",\"name\":\"Apen: Soluciones inform\u00e1ticas\",\"url\":\"https:\\\/\\\/www.apen.es\\\/\",\"logo\":{\"@type\":\"ImageObject\",\"inLanguage\":\"ca\",\"@id\":\"https:\\\/\\\/www.apen.es\\\/#\\\/schema\\\/logo\\\/image\\\/\",\"url\":\"https:\\\/\\\/www.apen.es\\\/wp-content\\\/uploads\\\/2022\\\/08\\\/logo-apenok-231x82-1.png\",\"contentUrl\":\"https:\\\/\\\/www.apen.es\\\/wp-content\\\/uploads\\\/2022\\\/08\\\/logo-apenok-231x82-1.png\",\"width\":231,\"height\":82,\"caption\":\"Apen: Soluciones inform\u00e1ticas\"},\"image\":{\"@id\":\"https:\\\/\\\/www.apen.es\\\/#\\\/schema\\\/logo\\\/image\\\/\"},\"sameAs\":[\"https:\\\/\\\/www.facebook.com\\\/apensolucions\",\"https:\\\/\\\/www.youtube.com\\\/user\\\/ApenCentreInformatic\",\"https:\\\/\\\/www.linkedin.com\\\/company\\\/1021771?trk=tyah&trkInfo=clickedVerticalcompanyclickedEntityId1021771idx2-1-2tarId1464195271196tasapenin\"]}]}<\/script>\n<!-- \/ Yoast SEO plugin. -->","yoast_head_json":{"title":"Software de N\u00f3minas - Apen Inform\u00e1tica","description":"Software de n\u00f3minas: a3n\u00f3mina cloud. El software para documentaci\u00f3n laboral y gesti\u00f3n de n\u00f3minas. Ll\u00e1manos al 938 606 220 sin compromiso.","robots":{"index":"index","follow":"follow","max-snippet":"max-snippet:-1","max-image-preview":"max-image-preview:large","max-video-preview":"max-video-preview:-1"},"canonical":"https:\/\/www.apen.es\/ca\/nomina-cloud\/software-de-nominas\/","og_locale":"ca_ES","og_type":"article","og_title":"Software de N\u00f3minas - Apen Inform\u00e1tica","og_description":"Software de n\u00f3minas: a3n\u00f3mina cloud. El software para documentaci\u00f3n laboral y gesti\u00f3n de n\u00f3minas. Ll\u00e1manos al 938 606 220 sin compromiso.","og_url":"https:\/\/www.apen.es\/ca\/nomina-cloud\/software-de-nominas\/","og_site_name":"Apen Inform\u00e1tica","article_publisher":"https:\/\/www.facebook.com\/apensolucions","article_modified_time":"2025-06-27T07:52:47+00:00","og_image":[{"width":231,"height":82,"url":"https:\/\/www.apen.es\/wp-content\/uploads\/2016\/05\/logo-apen-231x82-trasparent.png","type":"image\/png"}],"twitter_card":"summary_large_image","twitter_misc":{"Temps estimat de lectura":"5 minuts"},"schema":{"@context":"https:\/\/schema.org","@graph":[{"@type":"WebPage","@id":"https:\/\/www.apen.es\/nomina-cloud\/software-de-nominas\/","url":"https:\/\/www.apen.es\/nomina-cloud\/software-de-nominas\/","name":"Software de N\u00f3minas - Apen Inform\u00e1tica","isPartOf":{"@id":"https:\/\/www.apen.es\/#website"},"datePublished":"2018-06-25T06:21:08+00:00","dateModified":"2025-06-27T07:52:47+00:00","description":"Software de n\u00f3minas: a3n\u00f3mina cloud. El software para documentaci\u00f3n laboral y gesti\u00f3n de n\u00f3minas. Ll\u00e1manos al 938 606 220 sin compromiso.","breadcrumb":{"@id":"https:\/\/www.apen.es\/nomina-cloud\/software-de-nominas\/#breadcrumb"},"inLanguage":"ca","potentialAction":[{"@type":"ReadAction","target":["https:\/\/www.apen.es\/nomina-cloud\/software-de-nominas\/"]}]},{"@type":"BreadcrumbList","@id":"https:\/\/www.apen.es\/nomina-cloud\/software-de-nominas\/#breadcrumb","itemListElement":[{"@type":"ListItem","position":1,"name":"Portada","item":"https:\/\/www.apen.es\/"},{"@type":"ListItem","position":2,"name":"Nomina Cloud","item":"https:\/\/www.apen.es\/nomina-cloud\/"},{"@type":"ListItem","position":3,"name":"Software de N\u00f3minas"}]},{"@type":"WebSite","@id":"https:\/\/www.apen.es\/#website","url":"https:\/\/www.apen.es\/","name":"Apen Inform\u00e0tica","description":"Manteniment inform\u00e0tic , programari de gesti\u00f3, solucions d&#039;impressi\u00f3","publisher":{"@id":"https:\/\/www.apen.es\/#organization"},"potentialAction":[{"@type":"SearchAction","target":{"@type":"EntryPoint","urlTemplate":"https:\/\/www.apen.es\/?s={search_term_string}"},"query-input":{"@type":"PropertyValueSpecification","valueRequired":true,"valueName":"search_term_string"}}],"inLanguage":"ca"},{"@type":"Organization","@id":"https:\/\/www.apen.es\/#organization","name":"Apen: Solucions inform\u00e0tiques","url":"https:\/\/www.apen.es\/","logo":{"@type":"ImageObject","inLanguage":"ca","@id":"https:\/\/www.apen.es\/#\/schema\/logo\/image\/","url":"https:\/\/www.apen.es\/wp-content\/uploads\/2022\/08\/logo-apenok-231x82-1.png","contentUrl":"https:\/\/www.apen.es\/wp-content\/uploads\/2022\/08\/logo-apenok-231x82-1.png","width":231,"height":82,"caption":"Apen: Soluciones inform\u00e1ticas"},"image":{"@id":"https:\/\/www.apen.es\/#\/schema\/logo\/image\/"},"sameAs":["https:\/\/www.facebook.com\/apensolucions","https:\/\/www.youtube.com\/user\/ApenCentreInformatic","https:\/\/www.linkedin.com\/company\/1021771?trk=tyah&trkInfo=clickedVerticalcompanyclickedEntityId1021771idx2-1-2tarId1464195271196tasapenin"]}]}},"taxonomy_info":[],"featured_image_src_large":false,"author_info":{"display_name":"marqueting","author_link":"https:\/\/www.apen.es\/ca\/blog\/author\/marqueting\/"},"comment_info":0,"_links":{"self":[{"href":"https:\/\/www.apen.es\/ca\/wp-json\/wp\/v2\/pages\/10502","targetHints":{"allow":["GET"]}}],"collection":[{"href":"https:\/\/www.apen.es\/ca\/wp-json\/wp\/v2\/pages"}],"about":[{"href":"https:\/\/www.apen.es\/ca\/wp-json\/wp\/v2\/types\/page"}],"author":[{"embeddable":true,"href":"https:\/\/www.apen.es\/ca\/wp-json\/wp\/v2\/users\/4"}],"replies":[{"embeddable":true,"href":"https:\/\/www.apen.es\/ca\/wp-json\/wp\/v2\/comments?post=10502"}],"version-history":[{"count":1,"href":"https:\/\/www.apen.es\/ca\/wp-json\/wp\/v2\/pages\/10502\/revisions"}],"predecessor-version":[{"id":55670,"href":"https:\/\/www.apen.es\/ca\/wp-json\/wp\/v2\/pages\/10502\/revisions\/55670"}],"up":[{"embeddable":true,"href":"https:\/\/www.apen.es\/ca\/wp-json\/wp\/v2\/pages\/10270"}],"wp:attachment":[{"href":"https:\/\/www.apen.es\/ca\/wp-json\/wp\/v2\/media?parent=10502"}],"curies":[{"name":"wp","href":"https:\/\/api.w.org\/{rel}","templated":true}]}}