{"id":10270,"date":"2018-06-04T15:01:10","date_gmt":"2018-06-04T15:01:10","guid":{"rendered":"https:\/\/www.apen.es\/?page_id=10270"},"modified":"2025-05-20T09:42:09","modified_gmt":"2025-05-20T09:42:09","slug":"nomina-cloud","status":"publish","type":"page","link":"https:\/\/www.apen.es\/ca\/nomina-cloud\/","title":{"rendered":"Nomina Cloud"},"content":{"rendered":"<h2 class=\"wp-block-heading\"><strong>COM FUNCIONA A3N\u00d2MINA CLOUD?<\/strong><\/h2>\n\n\n\n<p><strong>a3ERP n\u00f2mina cloud<\/strong>\u00a0et permet gestionar la n\u00f2mina i altres funcions d&#039;administraci\u00f3 de personal de manera f\u00e0cil, flexible i segura, beneficiant-te de les enormes possibilitats que t&#039;ofereix el cloud computing i pagant exclusivament per l&#039;\u00fas realitzat.<\/p>\n\n\n\n<p>La soluci\u00f3 s&#039;integra amb\u00a0<strong>a3ERP<\/strong>\u00a0portal de l&#039;empleat, que us permet descentralitzar la gesti\u00f3 del Departament de RRHH, reduir les tasques administratives i millorar la comunicaci\u00f3 interna de la vostra organitzaci\u00f3.<\/p>\n\n\n\n<p>A3n\u00f2mina cloud \u00e9s la soluci\u00f3 perfecta per a aquells que volen millorar la seva gesti\u00f3 dels processos de Recursos Humans. Aquest programari \u00e9s ideal per a qualsevol empresa, sense importar la seva mida o sector en qu\u00e8 es desenvolupi. Com que \u00e9s un programari al n\u00favol, a3n\u00f2mina cloud no necessita un manteniment ni requereix un complicat proc\u00e9s d&#039;instal\u00b7laci\u00f3.<\/p>\n\n\n\n<p>Amb a3n\u00f2mina cloud les empreses es poden adaptar a les demandes de l&#039;estil de treball actual ja que aquelles persones que ho necessitin poden accedir a informaci\u00f3 actualitzada en temps real i des de qualsevol dispositiu, sent ideal per a les companyies amb treballadors en remots, empleats que es trobin en constant despla\u00e7ament o aquells negocis amb seus a diferents locacions.<\/p>\n\n\n\n<p>El poder comptar amb informaci\u00f3 detallada i actualitzada amb la companyia facilita la presa de decisions efectives, a m\u00e9s de permetre controlar i analitzar els processos de l&#039;empresa, detallant-ne els punts febles i refor\u00e7ant-ne l&#039;aplicaci\u00f3.<\/p>\n\n\n\n<p>Petites i mitjanes empreses aconsegueixen una millor distribuci\u00f3 i planificaci\u00f3 de la feina gr\u00e0cies a l&#039;\u00fas d&#039;A3n\u00f2mina per a registres de vida laboral, cerques avan\u00e7ades i administraci\u00f3 de personal.<\/p>\n\n\n\n<p>A3n\u00f2mina permet lestalvi de temps i diners, a m\u00e9s de la disminuci\u00f3 derrors en automatitzar el c\u00e0lcul de n\u00f2mines, altes i baixes, assegurances socials, IRPF, vida laboral i absentismes. A m\u00e9s, ofereix un entorn en n\u00favol segur amb una c\u00f2pia de seguretat de totes les dades. De la mateixa manera, es podr\u00e0 mantenir al dia amb tota la documentaci\u00f3 gr\u00e0cies a les actualitzacions legals autom\u00e0tiques de taules salarials, convenis, entre d&#039;altres.<\/p>\n\n\n\n<p>El programari tamb\u00e9 compta amb serveis d&#039;informaci\u00f3 d&#039;\u00edndole legal en qu\u00e8 s&#039;informa de disposicions i es detalli com poden afectar l&#039;empresa, amb una base de dades de m\u00e9s de 1400 convenis col\u00b7lectius i informaci\u00f3 actualitzada de taules salarials i convenis.<\/p>\n\n\n\n<p>Amb a3n\u00f2mina s&#039;automatitza el c\u00e0lcul de n\u00f2mines, altes i baixes, assegurances socials, IRPF, entre d&#039;altres. Amb aix\u00f2 es pot gestionar de manera efectiva la vida laboral per al benefici dels empleats i l&#039;efici\u00e8ncia de l&#039;empresa, a m\u00e9s de generar els models 111 i 190 d&#039;IRPF per presentar Hisenda. Un programari complet que soluciona nombrosos problemes i facilita la feina de tot l&#039;equip.<\/p>\n\n\n\n<p>L&#039;a3n\u00f2mina tamb\u00e9 facilita la comunicaci\u00f3 interna a trav\u00e9s de l&#039;acc\u00e9s del portal de l&#039;empleat on es permet la desc\u00e0rrega de n\u00f2mines, avisos, etc. Cada treballador podr\u00e0 tenir accessibilitat total a totes les dades a trav\u00e9s del m\u00f2bil a qualsevol hora i qualsevol dia de l&#039;any, cosa que facilita que tots manegin la mateixa informaci\u00f3 i no es presentin malentesos.<\/p>\n\n\n\n<p>No dubteu a contactar-nos per con\u00e8ixer tota la informaci\u00f3 sobre a3n\u00f2mina i comentar-vos en detall com es pot adaptar a les necessitats de la vostra empresa.<\/p>","protected":false},"excerpt":{"rendered":"<p>\u00bfC\u00d3MO FUNCIONA A3N\u00d3MINA CLOUD? a3ERP n\u00f3mina cloud\u00a0te permite gestionar la n\u00f3mina y dem\u00e1s funciones de administraci\u00f3n de personal de forma f\u00e1cil, flexible y segura, benefici\u00e1ndote de las enormes posibilidades que te ofrece el cloud computing y pagando exclusivamente por el uso realizado. La soluci\u00f3n se integra con\u00a0a3ERP\u00a0portal del empleado, que te permite descentralizar la gesti\u00f3n&#8230;<\/p>","protected":false},"author":4,"featured_media":0,"parent":0,"menu_order":0,"comment_status":"closed","ping_status":"closed","template":"page-landing-software.php","meta":{"_acf_changed":false,"_kad_blocks_custom_css":"","_kad_blocks_head_custom_js":"","_kad_blocks_body_custom_js":"","_kad_blocks_footer_custom_js":"","_kad_post_transparent":"","_kad_post_title":"","_kad_post_layout":"","_kad_post_sidebar_id":"","_kad_post_content_style":"","_kad_post_vertical_padding":"","_kad_post_feature":"","_kad_post_feature_position":"","_kad_post_header":false,"_kad_post_footer":false,"_kad_post_classname":"","footnotes":""},"class_list":["post-10270","page","type-page","status-publish","hentry"],"acf":[],"yoast_head":"<!-- This site is optimized with the Yoast SEO plugin v27.4 - https:\/\/yoast.com\/product\/yoast-seo-wordpress\/ -->\n<title>Nomina Cloud - Apen Inform\u00e1tica<\/title>\n<meta name=\"description\" content=\"a3n\u00f3mina cloud. El software para documentaci\u00f3n laboral y gesti\u00f3n de n\u00f3minas. Ll\u00e1manos al 938 606 220 sin compromiso. Conf\u00eda en Apen.\" \/>\n<meta name=\"robots\" content=\"index, follow, max-snippet:-1, max-image-preview:large, max-video-preview:-1\" \/>\n<link rel=\"canonical\" href=\"https:\/\/www.apen.es\/ca\/nomina-cloud\/\" \/>\n<meta property=\"og:locale\" content=\"ca_ES\" \/>\n<meta property=\"og:type\" content=\"article\" \/>\n<meta property=\"og:title\" content=\"Nomina Cloud - Apen Inform\u00e1tica\" \/>\n<meta property=\"og:description\" content=\"a3n\u00f3mina cloud. El software para documentaci\u00f3n laboral y gesti\u00f3n de n\u00f3minas. Ll\u00e1manos al 938 606 220 sin compromiso. Conf\u00eda en Apen.\" \/>\n<meta property=\"og:url\" content=\"https:\/\/www.apen.es\/ca\/nomina-cloud\/\" \/>\n<meta property=\"og:site_name\" content=\"Apen Inform\u00e1tica\" \/>\n<meta property=\"article:publisher\" content=\"https:\/\/www.facebook.com\/apensolucions\" \/>\n<meta property=\"article:modified_time\" content=\"2025-05-20T09:42:09+00:00\" \/>\n<meta property=\"og:image\" content=\"https:\/\/www.apen.es\/wp-content\/uploads\/2016\/05\/logo-apen-231x82-trasparent.png\" \/>\n\t<meta property=\"og:image:width\" content=\"231\" \/>\n\t<meta property=\"og:image:height\" content=\"82\" \/>\n\t<meta property=\"og:image:type\" content=\"image\/png\" \/>\n<meta name=\"twitter:card\" content=\"summary_large_image\" \/>\n<meta name=\"twitter:label1\" content=\"Temps estimat de lectura\" \/>\n\t<meta name=\"twitter:data1\" content=\"5 minuts\" \/>\n<script type=\"application\/ld+json\" class=\"yoast-schema-graph\">{\"@context\":\"https:\\\/\\\/schema.org\",\"@graph\":[{\"@type\":\"WebPage\",\"@id\":\"https:\\\/\\\/www.apen.es\\\/nomina-cloud\\\/\",\"url\":\"https:\\\/\\\/www.apen.es\\\/nomina-cloud\\\/\",\"name\":\"Nomina Cloud - Apen Inform\u00e1tica\",\"isPartOf\":{\"@id\":\"https:\\\/\\\/www.apen.es\\\/#website\"},\"datePublished\":\"2018-06-04T15:01:10+00:00\",\"dateModified\":\"2025-05-20T09:42:09+00:00\",\"description\":\"a3n\u00f3mina cloud. El software para documentaci\u00f3n laboral y gesti\u00f3n de n\u00f3minas. Ll\u00e1manos al 938 606 220 sin compromiso. Conf\u00eda en Apen.\",\"breadcrumb\":{\"@id\":\"https:\\\/\\\/www.apen.es\\\/nomina-cloud\\\/#breadcrumb\"},\"inLanguage\":\"ca\",\"potentialAction\":[{\"@type\":\"ReadAction\",\"target\":[\"https:\\\/\\\/www.apen.es\\\/nomina-cloud\\\/\"]}]},{\"@type\":\"BreadcrumbList\",\"@id\":\"https:\\\/\\\/www.apen.es\\\/nomina-cloud\\\/#breadcrumb\",\"itemListElement\":[{\"@type\":\"ListItem\",\"position\":1,\"name\":\"Portada\",\"item\":\"https:\\\/\\\/www.apen.es\\\/\"},{\"@type\":\"ListItem\",\"position\":2,\"name\":\"Nomina Cloud\"}]},{\"@type\":\"WebSite\",\"@id\":\"https:\\\/\\\/www.apen.es\\\/#website\",\"url\":\"https:\\\/\\\/www.apen.es\\\/\",\"name\":\"Apen Inform\u00e1tica\",\"description\":\"Mantenimiento Inform\u00e1tico , Software de Gesti\u00f3n, Soluciones de impresi\u00f3n\",\"publisher\":{\"@id\":\"https:\\\/\\\/www.apen.es\\\/#organization\"},\"potentialAction\":[{\"@type\":\"SearchAction\",\"target\":{\"@type\":\"EntryPoint\",\"urlTemplate\":\"https:\\\/\\\/www.apen.es\\\/?s={search_term_string}\"},\"query-input\":{\"@type\":\"PropertyValueSpecification\",\"valueRequired\":true,\"valueName\":\"search_term_string\"}}],\"inLanguage\":\"ca\"},{\"@type\":\"Organization\",\"@id\":\"https:\\\/\\\/www.apen.es\\\/#organization\",\"name\":\"Apen: Soluciones inform\u00e1ticas\",\"url\":\"https:\\\/\\\/www.apen.es\\\/\",\"logo\":{\"@type\":\"ImageObject\",\"inLanguage\":\"ca\",\"@id\":\"https:\\\/\\\/www.apen.es\\\/#\\\/schema\\\/logo\\\/image\\\/\",\"url\":\"https:\\\/\\\/www.apen.es\\\/wp-content\\\/uploads\\\/2022\\\/08\\\/logo-apenok-231x82-1.png\",\"contentUrl\":\"https:\\\/\\\/www.apen.es\\\/wp-content\\\/uploads\\\/2022\\\/08\\\/logo-apenok-231x82-1.png\",\"width\":231,\"height\":82,\"caption\":\"Apen: Soluciones inform\u00e1ticas\"},\"image\":{\"@id\":\"https:\\\/\\\/www.apen.es\\\/#\\\/schema\\\/logo\\\/image\\\/\"},\"sameAs\":[\"https:\\\/\\\/www.facebook.com\\\/apensolucions\",\"https:\\\/\\\/www.youtube.com\\\/user\\\/ApenCentreInformatic\",\"https:\\\/\\\/www.linkedin.com\\\/company\\\/1021771?trk=tyah&trkInfo=clickedVerticalcompanyclickedEntityId1021771idx2-1-2tarId1464195271196tasapenin\"]}]}<\/script>\n<!-- \/ Yoast SEO plugin. -->","yoast_head_json":{"title":"Nomina Cloud - Apen Inform\u00e1tica","description":"a3n\u00f3mina cloud. El software para documentaci\u00f3n laboral y gesti\u00f3n de n\u00f3minas. Ll\u00e1manos al 938 606 220 sin compromiso. Conf\u00eda en Apen.","robots":{"index":"index","follow":"follow","max-snippet":"max-snippet:-1","max-image-preview":"max-image-preview:large","max-video-preview":"max-video-preview:-1"},"canonical":"https:\/\/www.apen.es\/ca\/nomina-cloud\/","og_locale":"ca_ES","og_type":"article","og_title":"Nomina Cloud - Apen Inform\u00e1tica","og_description":"a3n\u00f3mina cloud. El software para documentaci\u00f3n laboral y gesti\u00f3n de n\u00f3minas. Ll\u00e1manos al 938 606 220 sin compromiso. Conf\u00eda en Apen.","og_url":"https:\/\/www.apen.es\/ca\/nomina-cloud\/","og_site_name":"Apen Inform\u00e1tica","article_publisher":"https:\/\/www.facebook.com\/apensolucions","article_modified_time":"2025-05-20T09:42:09+00:00","og_image":[{"width":231,"height":82,"url":"https:\/\/www.apen.es\/wp-content\/uploads\/2016\/05\/logo-apen-231x82-trasparent.png","type":"image\/png"}],"twitter_card":"summary_large_image","twitter_misc":{"Temps estimat de lectura":"5 minuts"},"schema":{"@context":"https:\/\/schema.org","@graph":[{"@type":"WebPage","@id":"https:\/\/www.apen.es\/nomina-cloud\/","url":"https:\/\/www.apen.es\/nomina-cloud\/","name":"Nomina Cloud - Apen Inform\u00e1tica","isPartOf":{"@id":"https:\/\/www.apen.es\/#website"},"datePublished":"2018-06-04T15:01:10+00:00","dateModified":"2025-05-20T09:42:09+00:00","description":"a3n\u00f3mina cloud. El software para documentaci\u00f3n laboral y gesti\u00f3n de n\u00f3minas. Ll\u00e1manos al 938 606 220 sin compromiso. Conf\u00eda en Apen.","breadcrumb":{"@id":"https:\/\/www.apen.es\/nomina-cloud\/#breadcrumb"},"inLanguage":"ca","potentialAction":[{"@type":"ReadAction","target":["https:\/\/www.apen.es\/nomina-cloud\/"]}]},{"@type":"BreadcrumbList","@id":"https:\/\/www.apen.es\/nomina-cloud\/#breadcrumb","itemListElement":[{"@type":"ListItem","position":1,"name":"Portada","item":"https:\/\/www.apen.es\/"},{"@type":"ListItem","position":2,"name":"Nomina Cloud"}]},{"@type":"WebSite","@id":"https:\/\/www.apen.es\/#website","url":"https:\/\/www.apen.es\/","name":"Apen Inform\u00e0tica","description":"Manteniment inform\u00e0tic , programari de gesti\u00f3, solucions d&#039;impressi\u00f3","publisher":{"@id":"https:\/\/www.apen.es\/#organization"},"potentialAction":[{"@type":"SearchAction","target":{"@type":"EntryPoint","urlTemplate":"https:\/\/www.apen.es\/?s={search_term_string}"},"query-input":{"@type":"PropertyValueSpecification","valueRequired":true,"valueName":"search_term_string"}}],"inLanguage":"ca"},{"@type":"Organization","@id":"https:\/\/www.apen.es\/#organization","name":"Apen: Solucions inform\u00e0tiques","url":"https:\/\/www.apen.es\/","logo":{"@type":"ImageObject","inLanguage":"ca","@id":"https:\/\/www.apen.es\/#\/schema\/logo\/image\/","url":"https:\/\/www.apen.es\/wp-content\/uploads\/2022\/08\/logo-apenok-231x82-1.png","contentUrl":"https:\/\/www.apen.es\/wp-content\/uploads\/2022\/08\/logo-apenok-231x82-1.png","width":231,"height":82,"caption":"Apen: Soluciones inform\u00e1ticas"},"image":{"@id":"https:\/\/www.apen.es\/#\/schema\/logo\/image\/"},"sameAs":["https:\/\/www.facebook.com\/apensolucions","https:\/\/www.youtube.com\/user\/ApenCentreInformatic","https:\/\/www.linkedin.com\/company\/1021771?trk=tyah&trkInfo=clickedVerticalcompanyclickedEntityId1021771idx2-1-2tarId1464195271196tasapenin"]}]}},"taxonomy_info":[],"featured_image_src_large":false,"author_info":{"display_name":"marqueting","author_link":"https:\/\/www.apen.es\/ca\/blog\/author\/marqueting\/"},"comment_info":0,"_links":{"self":[{"href":"https:\/\/www.apen.es\/ca\/wp-json\/wp\/v2\/pages\/10270","targetHints":{"allow":["GET"]}}],"collection":[{"href":"https:\/\/www.apen.es\/ca\/wp-json\/wp\/v2\/pages"}],"about":[{"href":"https:\/\/www.apen.es\/ca\/wp-json\/wp\/v2\/types\/page"}],"author":[{"embeddable":true,"href":"https:\/\/www.apen.es\/ca\/wp-json\/wp\/v2\/users\/4"}],"replies":[{"embeddable":true,"href":"https:\/\/www.apen.es\/ca\/wp-json\/wp\/v2\/comments?post=10270"}],"version-history":[{"count":4,"href":"https:\/\/www.apen.es\/ca\/wp-json\/wp\/v2\/pages\/10270\/revisions"}],"predecessor-version":[{"id":54625,"href":"https:\/\/www.apen.es\/ca\/wp-json\/wp\/v2\/pages\/10270\/revisions\/54625"}],"wp:attachment":[{"href":"https:\/\/www.apen.es\/ca\/wp-json\/wp\/v2\/media?parent=10270"}],"curies":[{"name":"wp","href":"https:\/\/api.w.org\/{rel}","templated":true}]}}